{"id":2309,"date":"2023-07-28T14:32:55","date_gmt":"2023-07-28T12:32:55","guid":{"rendered":"https:\/\/test.verenajung.de\/startseite\/?page_id=2309"},"modified":"2023-10-03T23:35:55","modified_gmt":"2023-10-03T21:35:55","slug":"ueber-mich-korrektorat","status":"publish","type":"page","link":"https:\/\/test.verenajung.de\/startseite\/ueber-mich-korrektorat\/","title":{"rendered":"\u00dcber mich"},"content":{"rendered":"<p style=\"text-align: center;\">Hallo,<\/p>\n<p style=\"text-align: justify;\">ich bin Verena Jung und am 05. M\u00e4rz 1985 geboren. Ich wohne im beschaulichen<img loading=\"lazy\" decoding=\"async\" class=\"size-medium wp-image-852 alignright\" src=\"http:\/\/verenajung.de\/wp-content\/uploads\/2020\/02\/2020-02-17-kleiner-217x300.jpg\" alt=\"\" width=\"217\" height=\"300\" srcset=\"https:\/\/test.verenajung.de\/wp-content\/uploads\/2020\/02\/2020-02-17-kleiner-217x300.jpg 217w, https:\/\/test.verenajung.de\/wp-content\/uploads\/2020\/02\/2020-02-17-kleiner-739x1024.jpg 739w, https:\/\/test.verenajung.de\/wp-content\/uploads\/2020\/02\/2020-02-17-kleiner-768x1064.jpg 768w, https:\/\/test.verenajung.de\/wp-content\/uploads\/2020\/02\/2020-02-17-kleiner.jpg 1004w\" sizes=\"auto, (max-width: 217px) 100vw, 217px\" \/> Saarland in einem ruhigen Nest, fernab grauer Wolkenkratzer und tiefer Stra\u00dfenschluchten, die nur f\u00fcr ein kleines St\u00fcckchen Blau Platz lassen, wenn ich den Kopf in den Nacken lege. Die Luft ist ok und erf\u00fcllt von Vogelgesang. Diese Ruhe wird nur von meinem Autorenkater Ghizmo und meiner Schreibmotivationskatze Gimmsy unterbrochen, wenn sie lautstark nach Aufmerksamkeit verlangen. Neben ihnen leben hier noch eine Hamsterdame und zwei Chinchillas und &#8211; ganz wichtig &#8211; mein Mann\/Chauffeur\/Finanzminister\/Manager\/IT-Spezialist. Ich bin gelernte Kauffrau f\u00fcr B\u00fcrokommunikation, arbeite mittlerweile allerdings vollzeit als Autorin und Korrektorin. Ich hoffe, dass sich daran auch nie wieder etwas \u00e4ndern wird, denn bei diesen T\u00e4tigkeiten geht mir wirklich das Herz auf. Wenn ich gerade nicht arbeite, finde ich vielleicht noch etwas Zeit zum H\u00e4keln, Stricken oder Malen. Meistens verfliegt diese freie Zeit aber doch beim Lesen. Ich verschlinge B\u00fccher geradezu, was auch ein Grund ist, weshalb ich so gerne mit geschriebenen Worten arbeite.<\/p>\n<p style=\"text-align: justify;\">Nach einigen Anl\u00e4ufen in meiner Kindheit und Jugend begann ich 2008 mit dem Schreiben von Kurzgeschichten und Romanen und habe mich in der Zwischenzeit in diesem Handwerk flei\u00dfig weitergebildet. Dabei halfen mir nicht nur Ratgeber, sondern vor allem meine Autorenkolleg*innen. Ich bin dankbar daf\u00fcr, aber es f\u00fchrte mich auch zu der Erkenntnis, dass man als Autor*in f\u00fcr seine eigenen Fehler blind ist bzw. dass Autor*innen oft geniale Geschichten schreiben k\u00f6nnen, vom Schicksal jedoch mit gro\u00dfem Unverst\u00e4ndnis gegen\u00fcber der deutschen Rechtschreibung, Grammatik und Zeichensetzung geschlagen sind. Das ist kein Grund, sich zu sch\u00e4men. Als Autorin wei\u00df ich, dass meine eigenen Texte ebenfalls nicht zu 100 % fehlerfrei sind. Ich kann mich nicht selbst korrigieren und bin umgekehrt auf die Hilfe von Kolleg*innen angewiesen, die meine Geschichten professionell von den letzten Fehlern befreien. Wir sitzen also alle im selben Boot, was f\u00fcr mich den Ausschlag gab, mein Korrektorat <em>Federstreich<\/em> im Juni 2022 zu gr\u00fcnden, um meinen Autorenkolleg*innen bei diesem Problem zu helfen. Da ich es unfair f\u00e4nde, wenn andere Personenkreise diese Hilfe verwehrt bliebe, sind aber auch alle anderen herzlich willkommen, denen ihre Texte wichtig sind.<\/p>\n<p style=\"text-align: justify;\">Ich begleite dich von Herzen gerne ein St\u00fcck auf deinem Weg zum perfekten Text.<\/p>\n","protected":false},"excerpt":{"rendered":"<p>Hallo, ich bin Verena Jung und am 05. M\u00e4rz 1985 geboren. Ich wohne im beschaulichen Saarland in einem ruhigen Nest, fernab grauer Wolkenkratzer und tiefer [&#8230;]<\/p>\n","protected":false},"author":1,"featured_media":0,"parent":0,"menu_order":0,"comment_status":"closed","ping_status":"closed","template":"","meta":{"footnotes":""},"class_list":["post-2309","page","type-page","status-publish","hentry"],"yoast_head":"<!-- This site is optimized with the Yoast SEO plugin v26.2 - https:\/\/yoast.com\/wordpress\/plugins\/seo\/ -->\n<title>\u00dcber mich - Verena Jung<\/title>\n<meta name=\"robots\" content=\"index, follow, max-snippet:-1, max-image-preview:large, max-video-preview:-1\" \/>\n<link rel=\"canonical\" href=\"https:\/\/test.verenajung.de\/startseite\/ueber-mich-korrektorat\/\" \/>\n<meta property=\"og:locale\" content=\"de_DE\" \/>\n<meta property=\"og:type\" content=\"article\" \/>\n<meta property=\"og:title\" content=\"\u00dcber mich - Verena Jung\" \/>\n<meta property=\"og:description\" content=\"Hallo, ich bin Verena Jung und am 05. M\u00e4rz 1985 geboren. Ich wohne im beschaulichen Saarland in einem ruhigen Nest, fernab grauer Wolkenkratzer und tiefer [...]\" \/>\n<meta property=\"og:url\" content=\"https:\/\/test.verenajung.de\/startseite\/ueber-mich-korrektorat\/\" \/>\n<meta property=\"og:site_name\" content=\"Verena Jung\" \/>\n<meta property=\"article:modified_time\" content=\"2023-10-03T21:35:55+00:00\" \/>\n<meta property=\"og:image\" content=\"http:\/\/verenajung.de\/wp-content\/uploads\/2020\/02\/2020-02-17-kleiner-217x300.jpg\" \/>\n<meta name=\"twitter:card\" content=\"summary_large_image\" \/>\n<meta name=\"twitter:label1\" content=\"Gesch\u00e4tzte Lesezeit\" \/>\n\t<meta name=\"twitter:data1\" content=\"3\u00a0Minuten\" \/>\n<script type=\"application\/ld+json\" class=\"yoast-schema-graph\">{\"@context\":\"https:\/\/schema.org\",\"@graph\":[{\"@type\":\"WebPage\",\"@id\":\"https:\/\/test.verenajung.de\/startseite\/ueber-mich-korrektorat\/\",\"url\":\"https:\/\/test.verenajung.de\/startseite\/ueber-mich-korrektorat\/\",\"name\":\"\u00dcber mich - Verena Jung\",\"isPartOf\":{\"@id\":\"https:\/\/test.verenajung.de\/startseite\/#website\"},\"primaryImageOfPage\":{\"@id\":\"https:\/\/test.verenajung.de\/startseite\/ueber-mich-korrektorat\/#primaryimage\"},\"image\":{\"@id\":\"https:\/\/test.verenajung.de\/startseite\/ueber-mich-korrektorat\/#primaryimage\"},\"thumbnailUrl\":\"http:\/\/verenajung.de\/wp-content\/uploads\/2020\/02\/2020-02-17-kleiner-217x300.jpg\",\"datePublished\":\"2023-07-28T12:32:55+00:00\",\"dateModified\":\"2023-10-03T21:35:55+00:00\",\"breadcrumb\":{\"@id\":\"https:\/\/test.verenajung.de\/startseite\/ueber-mich-korrektorat\/#breadcrumb\"},\"inLanguage\":\"de\",\"potentialAction\":[{\"@type\":\"ReadAction\",\"target\":[\"https:\/\/test.verenajung.de\/startseite\/ueber-mich-korrektorat\/\"]}]},{\"@type\":\"ImageObject\",\"inLanguage\":\"de\",\"@id\":\"https:\/\/test.verenajung.de\/startseite\/ueber-mich-korrektorat\/#primaryimage\",\"url\":\"http:\/\/verenajung.de\/wp-content\/uploads\/2020\/02\/2020-02-17-kleiner-217x300.jpg\",\"contentUrl\":\"http:\/\/verenajung.de\/wp-content\/uploads\/2020\/02\/2020-02-17-kleiner-217x300.jpg\"},{\"@type\":\"BreadcrumbList\",\"@id\":\"https:\/\/test.verenajung.de\/startseite\/ueber-mich-korrektorat\/#breadcrumb\",\"itemListElement\":[{\"@type\":\"ListItem\",\"position\":1,\"name\":\"Startseite\",\"item\":\"https:\/\/test.verenajung.de\/startseite\/\"},{\"@type\":\"ListItem\",\"position\":2,\"name\":\"\u00dcber mich\"}]},{\"@type\":\"WebSite\",\"@id\":\"https:\/\/test.verenajung.de\/startseite\/#website\",\"url\":\"https:\/\/test.verenajung.de\/startseite\/\",\"name\":\"Verena Jung\",\"description\":\"Schriftstellerin f\u00fcr Phantastik und Korrektorin\",\"publisher\":{\"@id\":\"https:\/\/test.verenajung.de\/startseite\/#\/schema\/person\/33fe27d71a8c1f61427644fd38d7b32d\"},\"potentialAction\":[{\"@type\":\"SearchAction\",\"target\":{\"@type\":\"EntryPoint\",\"urlTemplate\":\"https:\/\/test.verenajung.de\/startseite\/?s={search_term_string}\"},\"query-input\":{\"@type\":\"PropertyValueSpecification\",\"valueRequired\":true,\"valueName\":\"search_term_string\"}}],\"inLanguage\":\"de\"},{\"@type\":[\"Person\",\"Organization\"],\"@id\":\"https:\/\/test.verenajung.de\/startseite\/#\/schema\/person\/33fe27d71a8c1f61427644fd38d7b32d\",\"name\":\"Verena Jung\",\"image\":{\"@type\":\"ImageObject\",\"inLanguage\":\"de\",\"@id\":\"https:\/\/test.verenajung.de\/startseite\/#\/schema\/person\/image\/\",\"url\":\"https:\/\/test.verenajung.de\/wp-content\/uploads\/2022\/05\/Logo-Parisienne-Header.jpg\",\"contentUrl\":\"https:\/\/test.verenajung.de\/wp-content\/uploads\/2022\/05\/Logo-Parisienne-Header.jpg\",\"width\":2550,\"height\":600,\"caption\":\"Verena Jung\"},\"logo\":{\"@id\":\"https:\/\/test.verenajung.de\/startseite\/#\/schema\/person\/image\/\"}}]}<\/script>\n<!-- \/ Yoast SEO plugin. -->","yoast_head_json":{"title":"\u00dcber mich - Verena Jung","robots":{"index":"index","follow":"follow","max-snippet":"max-snippet:-1","max-image-preview":"max-image-preview:large","max-video-preview":"max-video-preview:-1"},"canonical":"https:\/\/test.verenajung.de\/startseite\/ueber-mich-korrektorat\/","og_locale":"de_DE","og_type":"article","og_title":"\u00dcber mich - Verena Jung","og_description":"Hallo, ich bin Verena Jung und am 05. M\u00e4rz 1985 geboren. Ich wohne im beschaulichen Saarland in einem ruhigen Nest, fernab grauer Wolkenkratzer und tiefer [...]","og_url":"https:\/\/test.verenajung.de\/startseite\/ueber-mich-korrektorat\/","og_site_name":"Verena Jung","article_modified_time":"2023-10-03T21:35:55+00:00","og_image":[{"url":"http:\/\/verenajung.de\/wp-content\/uploads\/2020\/02\/2020-02-17-kleiner-217x300.jpg","type":"","width":"","height":""}],"twitter_card":"summary_large_image","twitter_misc":{"Gesch\u00e4tzte Lesezeit":"3\u00a0Minuten"},"schema":{"@context":"https:\/\/schema.org","@graph":[{"@type":"WebPage","@id":"https:\/\/test.verenajung.de\/startseite\/ueber-mich-korrektorat\/","url":"https:\/\/test.verenajung.de\/startseite\/ueber-mich-korrektorat\/","name":"\u00dcber mich - Verena Jung","isPartOf":{"@id":"https:\/\/test.verenajung.de\/startseite\/#website"},"primaryImageOfPage":{"@id":"https:\/\/test.verenajung.de\/startseite\/ueber-mich-korrektorat\/#primaryimage"},"image":{"@id":"https:\/\/test.verenajung.de\/startseite\/ueber-mich-korrektorat\/#primaryimage"},"thumbnailUrl":"http:\/\/verenajung.de\/wp-content\/uploads\/2020\/02\/2020-02-17-kleiner-217x300.jpg","datePublished":"2023-07-28T12:32:55+00:00","dateModified":"2023-10-03T21:35:55+00:00","breadcrumb":{"@id":"https:\/\/test.verenajung.de\/startseite\/ueber-mich-korrektorat\/#breadcrumb"},"inLanguage":"de","potentialAction":[{"@type":"ReadAction","target":["https:\/\/test.verenajung.de\/startseite\/ueber-mich-korrektorat\/"]}]},{"@type":"ImageObject","inLanguage":"de","@id":"https:\/\/test.verenajung.de\/startseite\/ueber-mich-korrektorat\/#primaryimage","url":"http:\/\/verenajung.de\/wp-content\/uploads\/2020\/02\/2020-02-17-kleiner-217x300.jpg","contentUrl":"http:\/\/verenajung.de\/wp-content\/uploads\/2020\/02\/2020-02-17-kleiner-217x300.jpg"},{"@type":"BreadcrumbList","@id":"https:\/\/test.verenajung.de\/startseite\/ueber-mich-korrektorat\/#breadcrumb","itemListElement":[{"@type":"ListItem","position":1,"name":"Startseite","item":"https:\/\/test.verenajung.de\/startseite\/"},{"@type":"ListItem","position":2,"name":"\u00dcber mich"}]},{"@type":"WebSite","@id":"https:\/\/test.verenajung.de\/startseite\/#website","url":"https:\/\/test.verenajung.de\/startseite\/","name":"Verena Jung","description":"Schriftstellerin f\u00fcr Phantastik und Korrektorin","publisher":{"@id":"https:\/\/test.verenajung.de\/startseite\/#\/schema\/person\/33fe27d71a8c1f61427644fd38d7b32d"},"potentialAction":[{"@type":"SearchAction","target":{"@type":"EntryPoint","urlTemplate":"https:\/\/test.verenajung.de\/startseite\/?s={search_term_string}"},"query-input":{"@type":"PropertyValueSpecification","valueRequired":true,"valueName":"search_term_string"}}],"inLanguage":"de"},{"@type":["Person","Organization"],"@id":"https:\/\/test.verenajung.de\/startseite\/#\/schema\/person\/33fe27d71a8c1f61427644fd38d7b32d","name":"Verena Jung","image":{"@type":"ImageObject","inLanguage":"de","@id":"https:\/\/test.verenajung.de\/startseite\/#\/schema\/person\/image\/","url":"https:\/\/test.verenajung.de\/wp-content\/uploads\/2022\/05\/Logo-Parisienne-Header.jpg","contentUrl":"https:\/\/test.verenajung.de\/wp-content\/uploads\/2022\/05\/Logo-Parisienne-Header.jpg","width":2550,"height":600,"caption":"Verena Jung"},"logo":{"@id":"https:\/\/test.verenajung.de\/startseite\/#\/schema\/person\/image\/"}}]}},"blog_post_layout_featured_media_urls":{"thumbnail":"","full":""},"categories_names":null,"comments_number":"0","wpmagazine_modules_lite_featured_media_urls":{"thumbnail":"","cvmm-medium":"","cvmm-medium-plus":"","cvmm-portrait":"","cvmm-medium-square":"","cvmm-large":"","cvmm-small":"","full":""},"_links":{"self":[{"href":"https:\/\/test.verenajung.de\/startseite\/wp-json\/wp\/v2\/pages\/2309","targetHints":{"allow":["GET"]}}],"collection":[{"href":"https:\/\/test.verenajung.de\/startseite\/wp-json\/wp\/v2\/pages"}],"about":[{"href":"https:\/\/test.verenajung.de\/startseite\/wp-json\/wp\/v2\/types\/page"}],"author":[{"embeddable":true,"href":"https:\/\/test.verenajung.de\/startseite\/wp-json\/wp\/v2\/users\/1"}],"replies":[{"embeddable":true,"href":"https:\/\/test.verenajung.de\/startseite\/wp-json\/wp\/v2\/comments?post=2309"}],"version-history":[{"count":2,"href":"https:\/\/test.verenajung.de\/startseite\/wp-json\/wp\/v2\/pages\/2309\/revisions"}],"predecessor-version":[{"id":2437,"href":"https:\/\/test.verenajung.de\/startseite\/wp-json\/wp\/v2\/pages\/2309\/revisions\/2437"}],"wp:attachment":[{"href":"https:\/\/test.verenajung.de\/startseite\/wp-json\/wp\/v2\/media?parent=2309"}],"curies":[{"name":"wp","href":"https:\/\/api.w.org\/{rel}","templated":true}]}}