{"id":2319,"date":"2023-08-01T17:42:45","date_gmt":"2023-08-01T15:42:45","guid":{"rendered":"https:\/\/test.verenajung.de\/startseite\/?page_id=2319"},"modified":"2023-08-09T15:34:58","modified_gmt":"2023-08-09T13:34:58","slug":"newsletter","status":"publish","type":"page","link":"https:\/\/test.verenajung.de\/startseite\/newsletter\/","title":{"rendered":"Newsletter"},"content":{"rendered":"<p style=\"text-align: justify;\">Auf meiner Homepage ist viel los. Ich erz\u00e4hle vom Schreiben, verk\u00fcnde, wenn ich neue Geschichten ver\u00f6ffentliche oder ein gutes Buch gelesen habe, und gebe Tipps, mit denen du deine Texte korrigieren kannst. Da das v\u00f6llig unterschiedliche Themen sind, die dich vielleicht nicht gleicherma\u00dfen interessieren, gibt es themenbezogene Newsletter, damit du nichts verpasst. Melde dich gleich bei denen an, die zu deinen Interessen passen.<\/p>\n<p style=\"text-align: center;\">  \n  \n  <div class=\"\n    mailpoet_form_popup_overlay\n      \"><\/div>\n  <div\n    id=\"mailpoet_form_2\"\n    class=\"\n      mailpoet_form\n      mailpoet_form_shortcode\n      mailpoet_form_position_\n      mailpoet_form_animation_\n    \"\n      >\n\n    <style type=\"text\/css\">\n     #mailpoet_form_2 .mailpoet_form {  }\n#mailpoet_form_2 .mailpoet_paragraph { line-height: 20px; }\n#mailpoet_form_2 .mailpoet_segment_label, #mailpoet_form_2 .mailpoet_text_label, #mailpoet_form_2 .mailpoet_textarea_label, #mailpoet_form_2 .mailpoet_select_label, #mailpoet_form_2 .mailpoet_radio_label, #mailpoet_form_2 .mailpoet_checkbox_label, #mailpoet_form_2 .mailpoet_list_label, #mailpoet_form_2 .mailpoet_date_label { display: block; font-weight: bold; }\n#mailpoet_form_2 .mailpoet_text, #mailpoet_form_2 .mailpoet_textarea, #mailpoet_form_2 .mailpoet_select, #mailpoet_form_2 .mailpoet_date_month, #mailpoet_form_2 .mailpoet_date_day, #mailpoet_form_2 .mailpoet_date_year, #mailpoet_form_2 .mailpoet_date { display: block; }\n#mailpoet_form_2 .mailpoet_text, #mailpoet_form_2 .mailpoet_textarea { width: 200px; }\n#mailpoet_form_2 .mailpoet_checkbox {  }\n#mailpoet_form_2 .mailpoet_submit input {  }\n#mailpoet_form_2 .mailpoet_divider {  }\n#mailpoet_form_2 .mailpoet_message {  }\n#mailpoet_form_2 .mailpoet_validate_success { font-weight: 600; color: #468847; }\n#mailpoet_form_2 .mailpoet_validate_error { color: #b94a48; }\n#mailpoet_form_2 .mailpoet_form_loading { width: 30px; text-align: center; line-height: normal; }\n#mailpoet_form_2 .mailpoet_form_loading > span { width: 5px; height: 5px; background-color: #5b5b5b; }#mailpoet_form_2{border: 6px solid #c7ffff;border-radius: 0px;text-align: center;}#mailpoet_form_2 form.mailpoet_form {padding: 20px;}#mailpoet_form_2{width: 100%;}#mailpoet_form_2 .mailpoet_message {margin: 0; padding: 0 20px;}#mailpoet_form_2 .mailpoet_paragraph.last {margin-bottom: 0} @media (max-width: 500px) {#mailpoet_form_2 {background-image: none;}} @media (min-width: 500px) {#mailpoet_form_2 .last .mailpoet_paragraph:last-child {margin-bottom: 0}}  @media (max-width: 500px) {#mailpoet_form_2 .mailpoet_form_column:last-child .mailpoet_paragraph:last-child {margin-bottom: 0}} \n    <\/style>\n\n    <form\n      target=\"_self\"\n      method=\"post\"\n      action=\"https:\/\/test.verenajung.de\/wp-admin\/admin-post.php?action=mailpoet_subscription_form\"\n      class=\"mailpoet_form mailpoet_form_form mailpoet_form_shortcode\"\n      novalidate\n      data-delay=\"\"\n      data-exit-intent-enabled=\"\"\n      data-font-family=\"\"\n      data-cookie-expiration-time=\"\"\n    >\n      <input type=\"hidden\" name=\"data[form_id]\" value=\"2\" \/>\n      <input type=\"hidden\" name=\"token\" value=\"bccc09e80e\" \/>\n      <input type=\"hidden\" name=\"api_version\" value=\"v1\" \/>\n      <input type=\"hidden\" name=\"endpoint\" value=\"subscribers\" \/>\n      <input type=\"hidden\" name=\"mailpoet_method\" value=\"subscribe\" \/>\n\n      <label class=\"mailpoet_hp_email_label\" style=\"display: none !important;\">Bitte dieses Feld leer lassen<input type=\"email\" name=\"data[email]\"\/><\/label><div class='mailpoet_form_columns_container'><div class=\"mailpoet_form_columns mailpoet_paragraph mailpoet_stack_on_mobile\"><div class=\"mailpoet_form_column\"><p class=\"mailpoet_form_paragraph \" style=\"text-align: left\"><strong>Anmeldung zum Autorenallerlei:<\/strong><\/p>\n<\/div>\n<\/div><\/div>\n<div class=\"mailpoet_paragraph \"><label for=\"form_first_name_2\" class=\"mailpoet_text_label\"  data-automation-id=\"form_first_name_label\" >Vorname<\/label><input type=\"text\" autocomplete=\"given-name\" class=\"mailpoet_text\" id=\"form_first_name_2\" name=\"data[form_field_YTRmMDJjNjM4MjkzX2ZpcnN0X25hbWU=]\" title=\"Vorname\" value=\"\" style=\"padding:5px;margin: 0 auto;\" data-automation-id=\"form_first_name\" data-parsley-errors-container=\".mailpoet_error_12abl\" data-parsley-names='[&quot;Bitte gib einen g\u00fcltigen Namen an.&quot;,&quot;Adressen in Namen sind nicht erlaubt, bitte f\u00fcge stattdessen deinen Namen hinzu.&quot;]'\/><span class=\"mailpoet_error_12abl\"><\/span><\/div>\n<div class=\"mailpoet_paragraph \"><label for=\"form_email_2\" class=\"mailpoet_text_label\"  data-automation-id=\"form_email_label\" >E-Mail <span class=\"mailpoet_required\" aria-hidden=\"true\">*<\/span><\/label><input type=\"email\" autocomplete=\"email\" class=\"mailpoet_text\" id=\"form_email_2\" name=\"data[form_field_ZDE1Mjc5ODA1ZDE0X2VtYWls]\" title=\"E-Mail\" value=\"\" style=\"padding:5px;margin: 0 auto;\" data-automation-id=\"form_email\" data-parsley-errors-container=\".mailpoet_error_82c13\" data-parsley-required=\"true\" required aria-required=\"true\" data-parsley-minlength=\"6\" data-parsley-maxlength=\"150\" data-parsley-type-message=\"Dieser Wert sollte eine g\u00fcltige E-Mail-Adresse sein.\" data-parsley-required-message=\"Dieses Feld wird ben\u00f6tigt.\"\/><span class=\"mailpoet_error_82c13\"><\/span><\/div>\n<div class=\"mailpoet_paragraph \"><input type=\"submit\" class=\"mailpoet_submit\" value=\"Abonnieren!\" data-automation-id=\"subscribe-submit-button\" style=\"padding:5px;margin: 0 auto;border-color:transparent;\" \/><span class=\"mailpoet_form_loading\"><span class=\"mailpoet_bounce1\"><\/span><span class=\"mailpoet_bounce2\"><\/span><span class=\"mailpoet_bounce3\"><\/span><\/span><\/div>\n\n      <div class=\"mailpoet_message\">\n        <p class=\"mailpoet_validate_success\"\n                style=\"display:none;\"\n                >Pr\u00fcfe deinen Posteingang oder Spam-Ordner, um dein Abonnement zu best\u00e4tigen.\n        <\/p>\n        <p class=\"mailpoet_validate_error\"\n                style=\"display:none;\"\n                >        <\/p>\n      <\/div>\n    <\/form>\n\n      <\/div>\n\n  <\/p>\n<p style=\"text-align: center;\">  \n  \n  <div class=\"\n    mailpoet_form_popup_overlay\n      \"><\/div>\n  <div\n    id=\"mailpoet_form_3\"\n    class=\"\n      mailpoet_form\n      mailpoet_form_shortcode\n      mailpoet_form_position_\n      mailpoet_form_animation_\n    \"\n      >\n\n    <style type=\"text\/css\">\n     #mailpoet_form_3 .mailpoet_form {  }\n#mailpoet_form_3 .mailpoet_paragraph { line-height: 20px; }\n#mailpoet_form_3 .mailpoet_segment_label, #mailpoet_form_3 .mailpoet_text_label, #mailpoet_form_3 .mailpoet_textarea_label, #mailpoet_form_3 .mailpoet_select_label, #mailpoet_form_3 .mailpoet_radio_label, #mailpoet_form_3 .mailpoet_checkbox_label, #mailpoet_form_3 .mailpoet_list_label, #mailpoet_form_3 .mailpoet_date_label { display: block; font-weight: bold; }\n#mailpoet_form_3 .mailpoet_text, #mailpoet_form_3 .mailpoet_textarea, #mailpoet_form_3 .mailpoet_select, #mailpoet_form_3 .mailpoet_date_month, #mailpoet_form_3 .mailpoet_date_day, #mailpoet_form_3 .mailpoet_date_year, #mailpoet_form_3 .mailpoet_date { display: block; }\n#mailpoet_form_3 .mailpoet_text, #mailpoet_form_3 .mailpoet_textarea { width: 200px; }\n#mailpoet_form_3 .mailpoet_checkbox {  }\n#mailpoet_form_3 .mailpoet_submit input {  }\n#mailpoet_form_3 .mailpoet_divider {  }\n#mailpoet_form_3 .mailpoet_message {  }\n#mailpoet_form_3 .mailpoet_validate_success { font-weight: 600; color: #468847; }\n#mailpoet_form_3 .mailpoet_validate_error { color: #b94a48; }\n#mailpoet_form_3 .mailpoet_form_loading { width: 30px; text-align: center; line-height: normal; }\n#mailpoet_form_3 .mailpoet_form_loading > span { width: 5px; height: 5px; background-color: #5b5b5b; }#mailpoet_form_3{border: 6px solid #c7ffff;border-radius: 0px;text-align: center;}#mailpoet_form_3 form.mailpoet_form {padding: 20px;}#mailpoet_form_3{width: 100%;}#mailpoet_form_3 .mailpoet_message {margin: 0; padding: 0 20px;}#mailpoet_form_3 .mailpoet_paragraph.last {margin-bottom: 0} @media (max-width: 500px) {#mailpoet_form_3 {background-image: none;}} @media (min-width: 500px) {#mailpoet_form_3 .last .mailpoet_paragraph:last-child {margin-bottom: 0}}  @media (max-width: 500px) {#mailpoet_form_3 .mailpoet_form_column:last-child .mailpoet_paragraph:last-child {margin-bottom: 0}} \n    <\/style>\n\n    <form\n      target=\"_self\"\n      method=\"post\"\n      action=\"https:\/\/test.verenajung.de\/wp-admin\/admin-post.php?action=mailpoet_subscription_form\"\n      class=\"mailpoet_form mailpoet_form_form mailpoet_form_shortcode\"\n      novalidate\n      data-delay=\"\"\n      data-exit-intent-enabled=\"\"\n      data-font-family=\"\"\n      data-cookie-expiration-time=\"\"\n    >\n      <input type=\"hidden\" name=\"data[form_id]\" value=\"3\" \/>\n      <input type=\"hidden\" name=\"token\" value=\"bccc09e80e\" \/>\n      <input type=\"hidden\" name=\"api_version\" value=\"v1\" \/>\n      <input type=\"hidden\" name=\"endpoint\" value=\"subscribers\" \/>\n      <input type=\"hidden\" name=\"mailpoet_method\" value=\"subscribe\" \/>\n\n      <label class=\"mailpoet_hp_email_label\" style=\"display: none !important;\">Bitte dieses Feld leer lassen<input type=\"email\" name=\"data[email]\"\/><\/label><p class=\"mailpoet_form_paragraph \" style=\"text-align: left\"><strong>Anmeldung zu meinen Ver\u00f6ffentlichungen und Leseempfehlungen:<\/strong><\/p>\n<div class=\"mailpoet_paragraph \"><label for=\"form_first_name_3\" class=\"mailpoet_text_label\"  data-automation-id=\"form_first_name_label\" >Vorname<\/label><input type=\"text\" autocomplete=\"given-name\" class=\"mailpoet_text\" id=\"form_first_name_3\" name=\"data[form_field_YTRmMDJjNjM4MjkzX2ZpcnN0X25hbWU=]\" title=\"Vorname\" value=\"\" style=\"padding:5px;margin: 0 auto;\" data-automation-id=\"form_first_name\" data-parsley-errors-container=\".mailpoet_error_1mnaa\" data-parsley-names='[&quot;Bitte gib einen g\u00fcltigen Namen an.&quot;,&quot;Adressen in Namen sind nicht erlaubt, bitte f\u00fcge stattdessen deinen Namen hinzu.&quot;]'\/><span class=\"mailpoet_error_1mnaa\"><\/span><\/div>\n<div class=\"mailpoet_paragraph \"><label for=\"form_email_3\" class=\"mailpoet_text_label\"  data-automation-id=\"form_email_label\" >E-Mail <span class=\"mailpoet_required\" aria-hidden=\"true\">*<\/span><\/label><input type=\"email\" autocomplete=\"email\" class=\"mailpoet_text\" id=\"form_email_3\" name=\"data[form_field_ZDE1Mjc5ODA1ZDE0X2VtYWls]\" title=\"E-Mail\" value=\"\" style=\"padding:5px;margin: 0 auto;\" data-automation-id=\"form_email\" data-parsley-errors-container=\".mailpoet_error_8sp26\" data-parsley-required=\"true\" required aria-required=\"true\" data-parsley-minlength=\"6\" data-parsley-maxlength=\"150\" data-parsley-type-message=\"Dieser Wert sollte eine g\u00fcltige E-Mail-Adresse sein.\" data-parsley-required-message=\"Dieses Feld wird ben\u00f6tigt.\"\/><span class=\"mailpoet_error_8sp26\"><\/span><\/div>\n<div class=\"mailpoet_paragraph \"><input type=\"submit\" class=\"mailpoet_submit\" value=\"Abonnieren!\" data-automation-id=\"subscribe-submit-button\" style=\"padding:5px;margin: 0 auto;border-color:transparent;\" \/><span class=\"mailpoet_form_loading\"><span class=\"mailpoet_bounce1\"><\/span><span class=\"mailpoet_bounce2\"><\/span><span class=\"mailpoet_bounce3\"><\/span><\/span><\/div>\n\n      <div class=\"mailpoet_message\">\n        <p class=\"mailpoet_validate_success\"\n                style=\"display:none;\"\n                >Pr\u00fcfe deinen Posteingang oder Spam-Ordner, um dein Abonnement zu best\u00e4tigen.\n        <\/p>\n        <p class=\"mailpoet_validate_error\"\n                style=\"display:none;\"\n                >        <\/p>\n      <\/div>\n    <\/form>\n\n      <\/div>\n\n  <\/p>\n<p style=\"text-align: center;\">  \n  \n  <div class=\"\n    mailpoet_form_popup_overlay\n      \"><\/div>\n  <div\n    id=\"mailpoet_form_4\"\n    class=\"\n      mailpoet_form\n      mailpoet_form_shortcode\n      mailpoet_form_position_\n      mailpoet_form_animation_\n    \"\n      >\n\n    <style type=\"text\/css\">\n     #mailpoet_form_4 .mailpoet_form {  }\n#mailpoet_form_4 .mailpoet_paragraph { line-height: 20px; }\n#mailpoet_form_4 .mailpoet_segment_label, #mailpoet_form_4 .mailpoet_text_label, #mailpoet_form_4 .mailpoet_textarea_label, #mailpoet_form_4 .mailpoet_select_label, #mailpoet_form_4 .mailpoet_radio_label, #mailpoet_form_4 .mailpoet_checkbox_label, #mailpoet_form_4 .mailpoet_list_label, #mailpoet_form_4 .mailpoet_date_label { display: block; font-weight: bold; }\n#mailpoet_form_4 .mailpoet_text, #mailpoet_form_4 .mailpoet_textarea, #mailpoet_form_4 .mailpoet_select, #mailpoet_form_4 .mailpoet_date_month, #mailpoet_form_4 .mailpoet_date_day, #mailpoet_form_4 .mailpoet_date_year, #mailpoet_form_4 .mailpoet_date { display: block; }\n#mailpoet_form_4 .mailpoet_text, #mailpoet_form_4 .mailpoet_textarea { width: 200px; }\n#mailpoet_form_4 .mailpoet_checkbox {  }\n#mailpoet_form_4 .mailpoet_submit input {  }\n#mailpoet_form_4 .mailpoet_divider {  }\n#mailpoet_form_4 .mailpoet_message {  }\n#mailpoet_form_4 .mailpoet_validate_success { font-weight: 600; color: #468847; }\n#mailpoet_form_4 .mailpoet_validate_error { color: #b94a48; }\n#mailpoet_form_4 .mailpoet_form_loading { width: 30px; text-align: center; line-height: normal; }\n#mailpoet_form_4 .mailpoet_form_loading > span { width: 5px; height: 5px; background-color: #5b5b5b; }#mailpoet_form_4{border: 6px solid #c7ffff;border-radius: 0px;text-align: center;}#mailpoet_form_4 form.mailpoet_form {padding: 20px;}#mailpoet_form_4{width: 100%;}#mailpoet_form_4 .mailpoet_message {margin: 0; padding: 0 20px;}#mailpoet_form_4 .mailpoet_paragraph.last {margin-bottom: 0} @media (max-width: 500px) {#mailpoet_form_4 {background-image: none;}} @media (min-width: 500px) {#mailpoet_form_4 .last .mailpoet_paragraph:last-child {margin-bottom: 0}}  @media (max-width: 500px) {#mailpoet_form_4 .mailpoet_form_column:last-child .mailpoet_paragraph:last-child {margin-bottom: 0}} \n    <\/style>\n\n    <form\n      target=\"_self\"\n      method=\"post\"\n      action=\"https:\/\/test.verenajung.de\/wp-admin\/admin-post.php?action=mailpoet_subscription_form\"\n      class=\"mailpoet_form mailpoet_form_form mailpoet_form_shortcode\"\n      novalidate\n      data-delay=\"\"\n      data-exit-intent-enabled=\"\"\n      data-font-family=\"\"\n      data-cookie-expiration-time=\"\"\n    >\n      <input type=\"hidden\" name=\"data[form_id]\" value=\"4\" \/>\n      <input type=\"hidden\" name=\"token\" value=\"bccc09e80e\" \/>\n      <input type=\"hidden\" name=\"api_version\" value=\"v1\" \/>\n      <input type=\"hidden\" name=\"endpoint\" value=\"subscribers\" \/>\n      <input type=\"hidden\" name=\"mailpoet_method\" value=\"subscribe\" \/>\n\n      <label class=\"mailpoet_hp_email_label\" style=\"display: none !important;\">Bitte dieses Feld leer lassen<input type=\"email\" name=\"data[email]\"\/><\/label><p class=\"mailpoet_form_paragraph \" style=\"text-align: left\"><strong>Anmeldung rund ums Korrektorat:<\/strong><\/p>\n<div class=\"mailpoet_paragraph \"><label for=\"form_first_name_4\" class=\"mailpoet_text_label\"  data-automation-id=\"form_first_name_label\" >Vorname<\/label><input type=\"text\" autocomplete=\"given-name\" class=\"mailpoet_text\" id=\"form_first_name_4\" name=\"data[form_field_YTRmMDJjNjM4MjkzX2ZpcnN0X25hbWU=]\" title=\"Vorname\" value=\"\" style=\"padding:5px;margin: 0 auto;\" data-automation-id=\"form_first_name\" data-parsley-errors-container=\".mailpoet_error_10f00\" data-parsley-names='[&quot;Bitte gib einen g\u00fcltigen Namen an.&quot;,&quot;Adressen in Namen sind nicht erlaubt, bitte f\u00fcge stattdessen deinen Namen hinzu.&quot;]'\/><span class=\"mailpoet_error_10f00\"><\/span><\/div>\n<div class=\"mailpoet_paragraph \"><label for=\"form_email_4\" class=\"mailpoet_text_label\"  data-automation-id=\"form_email_label\" >E-Mail <span class=\"mailpoet_required\" aria-hidden=\"true\">*<\/span><\/label><input type=\"email\" autocomplete=\"email\" class=\"mailpoet_text\" id=\"form_email_4\" name=\"data[form_field_ZDE1Mjc5ODA1ZDE0X2VtYWls]\" title=\"E-Mail\" value=\"\" style=\"padding:5px;margin: 0 auto;\" data-automation-id=\"form_email\" data-parsley-errors-container=\".mailpoet_error_1mjlg\" data-parsley-required=\"true\" required aria-required=\"true\" data-parsley-minlength=\"6\" data-parsley-maxlength=\"150\" data-parsley-type-message=\"Dieser Wert sollte eine g\u00fcltige E-Mail-Adresse sein.\" data-parsley-required-message=\"Dieses Feld wird ben\u00f6tigt.\"\/><span class=\"mailpoet_error_1mjlg\"><\/span><\/div>\n<div class=\"mailpoet_paragraph \"><input type=\"submit\" class=\"mailpoet_submit\" value=\"Abonnieren!\" data-automation-id=\"subscribe-submit-button\" style=\"padding:5px;margin: 0 auto;border-color:transparent;\" \/><span class=\"mailpoet_form_loading\"><span class=\"mailpoet_bounce1\"><\/span><span class=\"mailpoet_bounce2\"><\/span><span class=\"mailpoet_bounce3\"><\/span><\/span><\/div>\n<div class=\"mailpoet_paragraph \" ><\/div>\n\n      <div class=\"mailpoet_message\">\n        <p class=\"mailpoet_validate_success\"\n                style=\"display:none;\"\n                >Pr\u00fcfe deinen Posteingang oder Spam-Ordner, um dein Abonnement zu best\u00e4tigen.\n        <\/p>\n        <p class=\"mailpoet_validate_error\"\n                style=\"display:none;\"\n                >        <\/p>\n      <\/div>\n    <\/form>\n\n      <\/div>\n\n  <\/p>\n<p style=\"text-align: justify;\">Ich halte deine Daten privat und teile sie nur mit Dritten, die diesen Dienst erm\u00f6glichen.\u00a0<a href=\"https:\/\/verenajung.de\/?page_id=23\">Lies meine Datenschutzerkl\u00e4rung.<\/a><\/p>\n<p style=\"text-align: justify;\">* Notwendige Eingabe zum Erhalt des Newsletters<\/p>\n","protected":false},"excerpt":{"rendered":"<p>Auf meiner Homepage ist viel los. Ich erz\u00e4hle vom Schreiben, verk\u00fcnde, wenn ich neue Geschichten ver\u00f6ffentliche oder ein gutes Buch gelesen habe, und gebe Tipps, [&#8230;]<\/p>\n","protected":false},"author":1,"featured_media":0,"parent":0,"menu_order":0,"comment_status":"closed","ping_status":"closed","template":"","meta":{"footnotes":""},"class_list":["post-2319","page","type-page","status-publish","hentry"],"yoast_head":"<!-- This site is optimized with the Yoast SEO plugin v26.2 - https:\/\/yoast.com\/wordpress\/plugins\/seo\/ -->\n<title>Newsletter - Verena Jung<\/title>\n<meta name=\"robots\" content=\"index, follow, max-snippet:-1, max-image-preview:large, max-video-preview:-1\" \/>\n<link rel=\"canonical\" href=\"https:\/\/test.verenajung.de\/startseite\/newsletter\/\" \/>\n<meta property=\"og:locale\" content=\"de_DE\" \/>\n<meta property=\"og:type\" content=\"article\" \/>\n<meta property=\"og:title\" content=\"Newsletter - Verena Jung\" \/>\n<meta property=\"og:description\" content=\"Auf meiner Homepage ist viel los. Ich erz\u00e4hle vom Schreiben, verk\u00fcnde, wenn ich neue Geschichten ver\u00f6ffentliche oder ein gutes Buch gelesen habe, und gebe Tipps, [...]\" \/>\n<meta property=\"og:url\" content=\"https:\/\/test.verenajung.de\/startseite\/newsletter\/\" \/>\n<meta property=\"og:site_name\" content=\"Verena Jung\" \/>\n<meta property=\"article:modified_time\" content=\"2023-08-09T13:34:58+00:00\" \/>\n<meta name=\"twitter:card\" content=\"summary_large_image\" \/>\n<meta name=\"twitter:label1\" content=\"Gesch\u00e4tzte Lesezeit\" \/>\n\t<meta name=\"twitter:data1\" content=\"1\u00a0Minute\" \/>\n<script type=\"application\/ld+json\" class=\"yoast-schema-graph\">{\"@context\":\"https:\/\/schema.org\",\"@graph\":[{\"@type\":\"WebPage\",\"@id\":\"https:\/\/test.verenajung.de\/startseite\/newsletter\/\",\"url\":\"https:\/\/test.verenajung.de\/startseite\/newsletter\/\",\"name\":\"Newsletter - Verena Jung\",\"isPartOf\":{\"@id\":\"https:\/\/test.verenajung.de\/startseite\/#website\"},\"datePublished\":\"2023-08-01T15:42:45+00:00\",\"dateModified\":\"2023-08-09T13:34:58+00:00\",\"breadcrumb\":{\"@id\":\"https:\/\/test.verenajung.de\/startseite\/newsletter\/#breadcrumb\"},\"inLanguage\":\"de\",\"potentialAction\":[{\"@type\":\"ReadAction\",\"target\":[\"https:\/\/test.verenajung.de\/startseite\/newsletter\/\"]}]},{\"@type\":\"BreadcrumbList\",\"@id\":\"https:\/\/test.verenajung.de\/startseite\/newsletter\/#breadcrumb\",\"itemListElement\":[{\"@type\":\"ListItem\",\"position\":1,\"name\":\"Startseite\",\"item\":\"https:\/\/test.verenajung.de\/startseite\/\"},{\"@type\":\"ListItem\",\"position\":2,\"name\":\"Newsletter\"}]},{\"@type\":\"WebSite\",\"@id\":\"https:\/\/test.verenajung.de\/startseite\/#website\",\"url\":\"https:\/\/test.verenajung.de\/startseite\/\",\"name\":\"Verena Jung\",\"description\":\"Schriftstellerin f\u00fcr Phantastik und Korrektorin\",\"publisher\":{\"@id\":\"https:\/\/test.verenajung.de\/startseite\/#\/schema\/person\/33fe27d71a8c1f61427644fd38d7b32d\"},\"potentialAction\":[{\"@type\":\"SearchAction\",\"target\":{\"@type\":\"EntryPoint\",\"urlTemplate\":\"https:\/\/test.verenajung.de\/startseite\/?s={search_term_string}\"},\"query-input\":{\"@type\":\"PropertyValueSpecification\",\"valueRequired\":true,\"valueName\":\"search_term_string\"}}],\"inLanguage\":\"de\"},{\"@type\":[\"Person\",\"Organization\"],\"@id\":\"https:\/\/test.verenajung.de\/startseite\/#\/schema\/person\/33fe27d71a8c1f61427644fd38d7b32d\",\"name\":\"Verena Jung\",\"image\":{\"@type\":\"ImageObject\",\"inLanguage\":\"de\",\"@id\":\"https:\/\/test.verenajung.de\/startseite\/#\/schema\/person\/image\/\",\"url\":\"https:\/\/test.verenajung.de\/wp-content\/uploads\/2022\/05\/Logo-Parisienne-Header.jpg\",\"contentUrl\":\"https:\/\/test.verenajung.de\/wp-content\/uploads\/2022\/05\/Logo-Parisienne-Header.jpg\",\"width\":2550,\"height\":600,\"caption\":\"Verena Jung\"},\"logo\":{\"@id\":\"https:\/\/test.verenajung.de\/startseite\/#\/schema\/person\/image\/\"}}]}<\/script>\n<!-- \/ Yoast SEO plugin. -->","yoast_head_json":{"title":"Newsletter - Verena Jung","robots":{"index":"index","follow":"follow","max-snippet":"max-snippet:-1","max-image-preview":"max-image-preview:large","max-video-preview":"max-video-preview:-1"},"canonical":"https:\/\/test.verenajung.de\/startseite\/newsletter\/","og_locale":"de_DE","og_type":"article","og_title":"Newsletter - Verena Jung","og_description":"Auf meiner Homepage ist viel los. Ich erz\u00e4hle vom Schreiben, verk\u00fcnde, wenn ich neue Geschichten ver\u00f6ffentliche oder ein gutes Buch gelesen habe, und gebe Tipps, [...]","og_url":"https:\/\/test.verenajung.de\/startseite\/newsletter\/","og_site_name":"Verena Jung","article_modified_time":"2023-08-09T13:34:58+00:00","twitter_card":"summary_large_image","twitter_misc":{"Gesch\u00e4tzte Lesezeit":"1\u00a0Minute"},"schema":{"@context":"https:\/\/schema.org","@graph":[{"@type":"WebPage","@id":"https:\/\/test.verenajung.de\/startseite\/newsletter\/","url":"https:\/\/test.verenajung.de\/startseite\/newsletter\/","name":"Newsletter - Verena Jung","isPartOf":{"@id":"https:\/\/test.verenajung.de\/startseite\/#website"},"datePublished":"2023-08-01T15:42:45+00:00","dateModified":"2023-08-09T13:34:58+00:00","breadcrumb":{"@id":"https:\/\/test.verenajung.de\/startseite\/newsletter\/#breadcrumb"},"inLanguage":"de","potentialAction":[{"@type":"ReadAction","target":["https:\/\/test.verenajung.de\/startseite\/newsletter\/"]}]},{"@type":"BreadcrumbList","@id":"https:\/\/test.verenajung.de\/startseite\/newsletter\/#breadcrumb","itemListElement":[{"@type":"ListItem","position":1,"name":"Startseite","item":"https:\/\/test.verenajung.de\/startseite\/"},{"@type":"ListItem","position":2,"name":"Newsletter"}]},{"@type":"WebSite","@id":"https:\/\/test.verenajung.de\/startseite\/#website","url":"https:\/\/test.verenajung.de\/startseite\/","name":"Verena Jung","description":"Schriftstellerin f\u00fcr Phantastik und Korrektorin","publisher":{"@id":"https:\/\/test.verenajung.de\/startseite\/#\/schema\/person\/33fe27d71a8c1f61427644fd38d7b32d"},"potentialAction":[{"@type":"SearchAction","target":{"@type":"EntryPoint","urlTemplate":"https:\/\/test.verenajung.de\/startseite\/?s={search_term_string}"},"query-input":{"@type":"PropertyValueSpecification","valueRequired":true,"valueName":"search_term_string"}}],"inLanguage":"de"},{"@type":["Person","Organization"],"@id":"https:\/\/test.verenajung.de\/startseite\/#\/schema\/person\/33fe27d71a8c1f61427644fd38d7b32d","name":"Verena Jung","image":{"@type":"ImageObject","inLanguage":"de","@id":"https:\/\/test.verenajung.de\/startseite\/#\/schema\/person\/image\/","url":"https:\/\/test.verenajung.de\/wp-content\/uploads\/2022\/05\/Logo-Parisienne-Header.jpg","contentUrl":"https:\/\/test.verenajung.de\/wp-content\/uploads\/2022\/05\/Logo-Parisienne-Header.jpg","width":2550,"height":600,"caption":"Verena Jung"},"logo":{"@id":"https:\/\/test.verenajung.de\/startseite\/#\/schema\/person\/image\/"}}]}},"blog_post_layout_featured_media_urls":{"thumbnail":"","full":""},"categories_names":null,"comments_number":"0","wpmagazine_modules_lite_featured_media_urls":{"thumbnail":"","cvmm-medium":"","cvmm-medium-plus":"","cvmm-portrait":"","cvmm-medium-square":"","cvmm-large":"","cvmm-small":"","full":""},"_links":{"self":[{"href":"https:\/\/test.verenajung.de\/startseite\/wp-json\/wp\/v2\/pages\/2319","targetHints":{"allow":["GET"]}}],"collection":[{"href":"https:\/\/test.verenajung.de\/startseite\/wp-json\/wp\/v2\/pages"}],"about":[{"href":"https:\/\/test.verenajung.de\/startseite\/wp-json\/wp\/v2\/types\/page"}],"author":[{"embeddable":true,"href":"https:\/\/test.verenajung.de\/startseite\/wp-json\/wp\/v2\/users\/1"}],"replies":[{"embeddable":true,"href":"https:\/\/test.verenajung.de\/startseite\/wp-json\/wp\/v2\/comments?post=2319"}],"version-history":[{"count":10,"href":"https:\/\/test.verenajung.de\/startseite\/wp-json\/wp\/v2\/pages\/2319\/revisions"}],"predecessor-version":[{"id":2351,"href":"https:\/\/test.verenajung.de\/startseite\/wp-json\/wp\/v2\/pages\/2319\/revisions\/2351"}],"wp:attachment":[{"href":"https:\/\/test.verenajung.de\/startseite\/wp-json\/wp\/v2\/media?parent=2319"}],"curies":[{"name":"wp","href":"https:\/\/api.w.org\/{rel}","templated":true}]}}