{"id":2369,"date":"2023-08-17T14:22:05","date_gmt":"2023-08-17T12:22:05","guid":{"rendered":"https:\/\/test.verenajung.de\/startseite\/?page_id=2369"},"modified":"2023-10-03T23:33:32","modified_gmt":"2023-10-03T21:33:32","slug":"hilfe","status":"publish","type":"page","link":"https:\/\/test.verenajung.de\/startseite\/hilfe\/","title":{"rendered":"Hilfe"},"content":{"rendered":"<p style=\"text-align: justify;\">Auf den folgenden Seiten biete ich Hilfestellungen beim Korrigieren eigener Texte. Leider ersetzt das weder eine umfassende schulische Ausbildung noch das Feingef\u00fchl f\u00fcr Sprache. Es sind lediglich Tricks, dank denen du es hoffentlich etwas einfacher im Dschungel der deutschen Schriftsprache haben wirst.<\/p>\n<p>Unter R\u00e4tsel findest du eine spielerische \u00dcbersicht aller Begriffe, die ich innerhalb meines Wortr\u00e4tsels vorstelle. Teste dich selbst, ob du die richtige Schreibweise genutzt h\u00e4ttest, und lass dir im aufl\u00f6senden Beitrag eine kleine Eselsbr\u00fccke geben.<\/p>\n<p style=\"text-align: justify;\">Der Punkt Tricks hilft dir bei den ersten Schritten zum korrigierten Text weiter.<\/p>\n","protected":false},"excerpt":{"rendered":"<p>Auf den folgenden Seiten biete ich Hilfestellungen beim Korrigieren eigener Texte. Leider ersetzt das weder eine umfassende schulische Ausbildung noch das Feingef\u00fchl f\u00fcr Sprache. Es [&#8230;]<\/p>\n","protected":false},"author":1,"featured_media":0,"parent":0,"menu_order":0,"comment_status":"closed","ping_status":"closed","template":"","meta":{"footnotes":""},"class_list":["post-2369","page","type-page","status-publish","hentry"],"yoast_head":"<!-- This site is optimized with the Yoast SEO plugin v26.2 - https:\/\/yoast.com\/wordpress\/plugins\/seo\/ -->\n<title>Hilfe - Verena Jung<\/title>\n<meta name=\"robots\" content=\"index, follow, max-snippet:-1, max-image-preview:large, max-video-preview:-1\" \/>\n<link rel=\"canonical\" href=\"https:\/\/test.verenajung.de\/startseite\/hilfe\/\" \/>\n<meta property=\"og:locale\" content=\"de_DE\" \/>\n<meta property=\"og:type\" content=\"article\" \/>\n<meta property=\"og:title\" content=\"Hilfe - Verena Jung\" \/>\n<meta property=\"og:description\" content=\"Auf den folgenden Seiten biete ich Hilfestellungen beim Korrigieren eigener Texte. Leider ersetzt das weder eine umfassende schulische Ausbildung noch das Feingef\u00fchl f\u00fcr Sprache. Es [...]\" \/>\n<meta property=\"og:url\" content=\"https:\/\/test.verenajung.de\/startseite\/hilfe\/\" \/>\n<meta property=\"og:site_name\" content=\"Verena Jung\" \/>\n<meta property=\"article:modified_time\" content=\"2023-10-03T21:33:32+00:00\" \/>\n<meta name=\"twitter:card\" content=\"summary_large_image\" \/>\n<meta name=\"twitter:label1\" content=\"Gesch\u00e4tzte Lesezeit\" \/>\n\t<meta name=\"twitter:data1\" content=\"1\u00a0Minute\" \/>\n<script type=\"application\/ld+json\" class=\"yoast-schema-graph\">{\"@context\":\"https:\/\/schema.org\",\"@graph\":[{\"@type\":\"WebPage\",\"@id\":\"https:\/\/test.verenajung.de\/startseite\/hilfe\/\",\"url\":\"https:\/\/test.verenajung.de\/startseite\/hilfe\/\",\"name\":\"Hilfe - Verena Jung\",\"isPartOf\":{\"@id\":\"https:\/\/test.verenajung.de\/startseite\/#website\"},\"datePublished\":\"2023-08-17T12:22:05+00:00\",\"dateModified\":\"2023-10-03T21:33:32+00:00\",\"breadcrumb\":{\"@id\":\"https:\/\/test.verenajung.de\/startseite\/hilfe\/#breadcrumb\"},\"inLanguage\":\"de\",\"potentialAction\":[{\"@type\":\"ReadAction\",\"target\":[\"https:\/\/test.verenajung.de\/startseite\/hilfe\/\"]}]},{\"@type\":\"BreadcrumbList\",\"@id\":\"https:\/\/test.verenajung.de\/startseite\/hilfe\/#breadcrumb\",\"itemListElement\":[{\"@type\":\"ListItem\",\"position\":1,\"name\":\"Startseite\",\"item\":\"https:\/\/test.verenajung.de\/startseite\/\"},{\"@type\":\"ListItem\",\"position\":2,\"name\":\"Hilfe\"}]},{\"@type\":\"WebSite\",\"@id\":\"https:\/\/test.verenajung.de\/startseite\/#website\",\"url\":\"https:\/\/test.verenajung.de\/startseite\/\",\"name\":\"Verena Jung\",\"description\":\"Schriftstellerin f\u00fcr Phantastik und Korrektorin\",\"publisher\":{\"@id\":\"https:\/\/test.verenajung.de\/startseite\/#\/schema\/person\/33fe27d71a8c1f61427644fd38d7b32d\"},\"potentialAction\":[{\"@type\":\"SearchAction\",\"target\":{\"@type\":\"EntryPoint\",\"urlTemplate\":\"https:\/\/test.verenajung.de\/startseite\/?s={search_term_string}\"},\"query-input\":{\"@type\":\"PropertyValueSpecification\",\"valueRequired\":true,\"valueName\":\"search_term_string\"}}],\"inLanguage\":\"de\"},{\"@type\":[\"Person\",\"Organization\"],\"@id\":\"https:\/\/test.verenajung.de\/startseite\/#\/schema\/person\/33fe27d71a8c1f61427644fd38d7b32d\",\"name\":\"Verena Jung\",\"image\":{\"@type\":\"ImageObject\",\"inLanguage\":\"de\",\"@id\":\"https:\/\/test.verenajung.de\/startseite\/#\/schema\/person\/image\/\",\"url\":\"https:\/\/test.verenajung.de\/wp-content\/uploads\/2022\/05\/Logo-Parisienne-Header.jpg\",\"contentUrl\":\"https:\/\/test.verenajung.de\/wp-content\/uploads\/2022\/05\/Logo-Parisienne-Header.jpg\",\"width\":2550,\"height\":600,\"caption\":\"Verena Jung\"},\"logo\":{\"@id\":\"https:\/\/test.verenajung.de\/startseite\/#\/schema\/person\/image\/\"}}]}<\/script>\n<!-- \/ Yoast SEO plugin. -->","yoast_head_json":{"title":"Hilfe - Verena Jung","robots":{"index":"index","follow":"follow","max-snippet":"max-snippet:-1","max-image-preview":"max-image-preview:large","max-video-preview":"max-video-preview:-1"},"canonical":"https:\/\/test.verenajung.de\/startseite\/hilfe\/","og_locale":"de_DE","og_type":"article","og_title":"Hilfe - Verena Jung","og_description":"Auf den folgenden Seiten biete ich Hilfestellungen beim Korrigieren eigener Texte. Leider ersetzt das weder eine umfassende schulische Ausbildung noch das Feingef\u00fchl f\u00fcr Sprache. Es [...]","og_url":"https:\/\/test.verenajung.de\/startseite\/hilfe\/","og_site_name":"Verena Jung","article_modified_time":"2023-10-03T21:33:32+00:00","twitter_card":"summary_large_image","twitter_misc":{"Gesch\u00e4tzte Lesezeit":"1\u00a0Minute"},"schema":{"@context":"https:\/\/schema.org","@graph":[{"@type":"WebPage","@id":"https:\/\/test.verenajung.de\/startseite\/hilfe\/","url":"https:\/\/test.verenajung.de\/startseite\/hilfe\/","name":"Hilfe - Verena Jung","isPartOf":{"@id":"https:\/\/test.verenajung.de\/startseite\/#website"},"datePublished":"2023-08-17T12:22:05+00:00","dateModified":"2023-10-03T21:33:32+00:00","breadcrumb":{"@id":"https:\/\/test.verenajung.de\/startseite\/hilfe\/#breadcrumb"},"inLanguage":"de","potentialAction":[{"@type":"ReadAction","target":["https:\/\/test.verenajung.de\/startseite\/hilfe\/"]}]},{"@type":"BreadcrumbList","@id":"https:\/\/test.verenajung.de\/startseite\/hilfe\/#breadcrumb","itemListElement":[{"@type":"ListItem","position":1,"name":"Startseite","item":"https:\/\/test.verenajung.de\/startseite\/"},{"@type":"ListItem","position":2,"name":"Hilfe"}]},{"@type":"WebSite","@id":"https:\/\/test.verenajung.de\/startseite\/#website","url":"https:\/\/test.verenajung.de\/startseite\/","name":"Verena Jung","description":"Schriftstellerin f\u00fcr Phantastik und Korrektorin","publisher":{"@id":"https:\/\/test.verenajung.de\/startseite\/#\/schema\/person\/33fe27d71a8c1f61427644fd38d7b32d"},"potentialAction":[{"@type":"SearchAction","target":{"@type":"EntryPoint","urlTemplate":"https:\/\/test.verenajung.de\/startseite\/?s={search_term_string}"},"query-input":{"@type":"PropertyValueSpecification","valueRequired":true,"valueName":"search_term_string"}}],"inLanguage":"de"},{"@type":["Person","Organization"],"@id":"https:\/\/test.verenajung.de\/startseite\/#\/schema\/person\/33fe27d71a8c1f61427644fd38d7b32d","name":"Verena Jung","image":{"@type":"ImageObject","inLanguage":"de","@id":"https:\/\/test.verenajung.de\/startseite\/#\/schema\/person\/image\/","url":"https:\/\/test.verenajung.de\/wp-content\/uploads\/2022\/05\/Logo-Parisienne-Header.jpg","contentUrl":"https:\/\/test.verenajung.de\/wp-content\/uploads\/2022\/05\/Logo-Parisienne-Header.jpg","width":2550,"height":600,"caption":"Verena Jung"},"logo":{"@id":"https:\/\/test.verenajung.de\/startseite\/#\/schema\/person\/image\/"}}]}},"blog_post_layout_featured_media_urls":{"thumbnail":"","full":""},"categories_names":null,"comments_number":"0","wpmagazine_modules_lite_featured_media_urls":{"thumbnail":"","cvmm-medium":"","cvmm-medium-plus":"","cvmm-portrait":"","cvmm-medium-square":"","cvmm-large":"","cvmm-small":"","full":""},"_links":{"self":[{"href":"https:\/\/test.verenajung.de\/startseite\/wp-json\/wp\/v2\/pages\/2369","targetHints":{"allow":["GET"]}}],"collection":[{"href":"https:\/\/test.verenajung.de\/startseite\/wp-json\/wp\/v2\/pages"}],"about":[{"href":"https:\/\/test.verenajung.de\/startseite\/wp-json\/wp\/v2\/types\/page"}],"author":[{"embeddable":true,"href":"https:\/\/test.verenajung.de\/startseite\/wp-json\/wp\/v2\/users\/1"}],"replies":[{"embeddable":true,"href":"https:\/\/test.verenajung.de\/startseite\/wp-json\/wp\/v2\/comments?post=2369"}],"version-history":[{"count":4,"href":"https:\/\/test.verenajung.de\/startseite\/wp-json\/wp\/v2\/pages\/2369\/revisions"}],"predecessor-version":[{"id":2436,"href":"https:\/\/test.verenajung.de\/startseite\/wp-json\/wp\/v2\/pages\/2369\/revisions\/2436"}],"wp:attachment":[{"href":"https:\/\/test.verenajung.de\/startseite\/wp-json\/wp\/v2\/media?parent=2369"}],"curies":[{"name":"wp","href":"https:\/\/api.w.org\/{rel}","templated":true}]}}