{"id":2485,"date":"2024-09-05T13:51:28","date_gmt":"2024-09-05T11:51:28","guid":{"rendered":"https:\/\/test.verenajung.de\/startseite\/?page_id=2485"},"modified":"2024-09-05T13:51:28","modified_gmt":"2024-09-05T11:51:28","slug":"terminuebersicht","status":"publish","type":"page","link":"https:\/\/test.verenajung.de\/startseite\/terminuebersicht\/","title":{"rendered":"Termin\u00fcbersicht"},"content":{"rendered":"<p style=\"text-align: justify;\">Jeder plant gerne. Der Autor seinen Ver\u00f6ffentlichungstermin, die Braut den Hochzeitstag &#8211; und die Korrektoren ihre Auftr\u00e4ge. Die folgende \u00dcbersicht soll vereinfachen, ob eine Anfrage f\u00fcr ein Korrektorat im gew\u00fcnschten Zeitraum sinnvoll ist. Bei einer Auslastung von 100 % ist die Antwort klar. Bei 75 % kommt es auf die Gr\u00f6\u00dfe des Projekts und dessen Aufwand an. Das kannst du selbst sicher schon gut einsch\u00e4tzen. Liegt die Angabe unter 75 %, ist einiges m\u00f6glich. Frag also gerne mit den Eckdaten deines Projekts und einer Leseprobe an (siehe FAQ &#8222;Wie frage ich ein Korrektorat an?&#8220;)!<\/p>\n<p style=\"text-align: justify;\">\n<table id=\"tablepress-4\" class=\"tablepress tablepress-id-4\">\n<tbody class=\"row-hover\">\n<tr class=\"row-1\">\n\t<td class=\"column-1\"><span style=\"color: #ffffff;\">Platzhalter<\/span><\/td><td class=\"column-2\"><h1><strong>Monat<\/strong><\/h1><\/td><td class=\"column-3\"><h1 style=\"text-align: center;\"><strong>zu x % belegt<\/strong><\/h1><\/td><td class=\"column-4\"><span style=\"color: #ffffff;\">Platzhalter<\/span><\/td>\n<\/tr>\n<tr class=\"row-2\">\n\t<td class=\"column-1\"><\/td><td class=\"column-2\"><h1 style=\"vertical-align: middle;\"><strong>September 2024<\/strong><\/h1><\/td><td class=\"column-3\"><p style=\"text-align: center;\"><img loading=\"lazy\" decoding=\"async\" src=\"http:\/\/test.verenajung.de\/wp-content\/uploads\/2024\/09\/50-.png\" alt=\"\" width=\"160\" height=\"60\" class=\"alignnone size-medium wp-image-3911\"\/><\/p><\/td><td class=\"column-4\"><\/td>\n<\/tr>\n<tr class=\"row-3\">\n\t<td class=\"column-1\"><\/td><td class=\"column-2\"><h1 style=\"vertical-align: middle;\"><strong>Oktober 2024<\/strong><\/h1><\/td><td class=\"column-3\"><p style=\"text-align: center;\"><img loading=\"lazy\" decoding=\"async\" src=\"http:\/\/test.verenajung.de\/wp-content\/uploads\/2024\/09\/25-.png\" alt=\"\" width=\"160\" height=\"60\" class=\"alignnone size-medium wp-image-3911\"\/><\/p><\/td><td class=\"column-4\"><\/td>\n<\/tr>\n<tr class=\"row-4\">\n\t<td class=\"column-1\"><\/td><td class=\"column-2\"><div style=\"vertical-align: middle;\"><strong>November 2024<\/strong><\/div><\/td><td class=\"column-3\"><div style=\"text-align: center;\"><img loading=\"lazy\" decoding=\"async\" src=\"http:\/\/test.verenajung.de\/wp-content\/uploads\/2024\/09\/25-.png\" alt=\"\" width=\"160\" height=\"90\" class=\"alignnone size-medium wp-image-3911\"\/><\/div><\/td><td class=\"column-4\"><\/td>\n<\/tr>\n<tr class=\"row-5\">\n\t<td class=\"column-1\"><\/td><td class=\"column-2\"><h1 style=\"vertical-align: middle;\"><strong>Dezember 2024<\/strong><\/h1><\/td><td class=\"column-3\"><p style=\"text-align: center;\"><img loading=\"lazy\" decoding=\"async\" src=\"http:\/\/test.verenajung.de\/wp-content\/uploads\/2024\/09\/100-.png\" alt=\"\" width=\"160\" height=\"60\" class=\"alignnone size-medium wp-image-3911\"\/><\/p><\/td><td class=\"column-4\"><\/td>\n<\/tr>\n<tr class=\"row-6\">\n\t<td class=\"column-1\"><\/td><td class=\"column-2\"><h1 style=\"vertical-align: middle;\"><strong>Januar 2025<\/strong><\/h1><\/td><td class=\"column-3\"><p style=\"text-align: center;\"><img loading=\"lazy\" decoding=\"async\" src=\"http:\/\/test.verenajung.de\/wp-content\/uploads\/2024\/09\/75-.png\" alt=\"\" width=\"160\" height=\"60\" class=\"alignnone size-medium wp-image-3911\"\/><\/p><\/td><td class=\"column-4\"><\/td>\n<\/tr>\n<tr class=\"row-7\">\n\t<td class=\"column-1\"><\/td><td class=\"column-2\"><h1 style=\"vertical-align: middle;\"><strong>Februar 2025<\/strong><\/h1><\/td><td class=\"column-3\"><p style=\"text-align: center;\"><img loading=\"lazy\" decoding=\"async\" src=\"http:\/\/test.verenajung.de\/wp-content\/uploads\/2024\/09\/25-.png\" alt=\"\" width=\"160\" height=\"60\" class=\"alignnone size-medium wp-image-3911\"\/><\/p><\/td><td class=\"column-4\"><\/td>\n<\/tr>\n<tr class=\"row-8\">\n\t<td class=\"column-1\"><\/td><td class=\"column-2\"><h1 style=\"vertical-align: middle;\"><strong>M\u00e4rz 2025<\/strong><\/h1><\/td><td class=\"column-3\"><p style=\"text-align: center;\"><img loading=\"lazy\" decoding=\"async\" src=\"http:\/\/test.verenajung.de\/wp-content\/uploads\/2024\/09\/25-.png\" alt=\"\" width=\"160\" height=\"60\" class=\"alignnone size-medium wp-image-3911\"\/><\/p><\/td><td class=\"column-4\"><\/td>\n<\/tr>\n<tr class=\"row-9\">\n\t<td class=\"column-1\"><\/td><td class=\"column-2\"><h1 style=\"vertical-align: middle;\"><strong>April 2025<\/strong><\/h1><\/td><td class=\"column-3\"><p style=\"text-align: center;\"><img loading=\"lazy\" decoding=\"async\" src=\"http:\/\/test.verenajung.de\/wp-content\/uploads\/2024\/09\/25-.png\" alt=\"\" width=\"160\" height=\"60\" class=\"alignnone size-medium wp-image-3911\"\/><\/p><\/td><td class=\"column-4\"><\/td>\n<\/tr>\n<tr class=\"row-10\">\n\t<td class=\"column-1\"><\/td><td class=\"column-2\"><h1 style=\"vertical-align: middle;\"><strong>Mai 2025<\/strong><\/h1><\/td><td class=\"column-3\"><p style=\"text-align: center;\"><img loading=\"lazy\" decoding=\"async\" src=\"http:\/\/test.verenajung.de\/wp-content\/uploads\/2024\/09\/25-.png\" alt=\"\" width=\"160\" height=\"60\" class=\"alignnone size-medium wp-image-3911\"\/><\/p><\/td><td class=\"column-4\"><\/td>\n<\/tr>\n<tr class=\"row-11\">\n\t<td class=\"column-1\"><\/td><td class=\"column-2\"><h1 style=\"vertical-align: middle;\"><strong>Juni 2025<\/strong><\/h1><\/td><td class=\"column-3\"><p style=\"text-align: center;\"><img loading=\"lazy\" decoding=\"async\" src=\"http:\/\/test.verenajung.de\/wp-content\/uploads\/2024\/09\/25-.png\" alt=\"\" width=\"160\" height=\"60\" class=\"alignnone size-medium wp-image-3911\"\/><\/p><\/td><td class=\"column-4\"><\/td>\n<\/tr>\n<tr class=\"row-12\">\n\t<td class=\"column-1\"><\/td><td class=\"column-2\"><h1 style=\"vertical-align: middle;\"><strong>Juli 2025<\/strong><\/h1><\/td><td class=\"column-3\"><p style=\"text-align: center;\"><img loading=\"lazy\" decoding=\"async\" src=\"http:\/\/test.verenajung.de\/wp-content\/uploads\/2024\/09\/100-.png\" alt=\"\" width=\"160\" height=\"60\" class=\"alignnone size-medium wp-image-3911\"\/><\/p><\/td><td class=\"column-4\"><\/td>\n<\/tr>\n<tr class=\"row-13\">\n\t<td class=\"column-1\"><\/td><td class=\"column-2\"><h1 style=\"vertical-align: middle;\"><strong>August 2025<\/strong><\/h1><\/td><td class=\"column-3\"><p style=\"text-align: center;\"><img loading=\"lazy\" decoding=\"async\" src=\"http:\/\/test.verenajung.de\/wp-content\/uploads\/2024\/09\/100-.png\" alt=\"\" width=\"160\" height=\"60\" class=\"alignnone size-medium wp-image-3911\"\/><\/p><\/td><td class=\"column-4\"><\/td>\n<\/tr>\n<tr class=\"row-14\">\n\t<td class=\"column-1\"><\/td><td class=\"column-2\"><h1 style=\"vertical-align: middle;\"><strong>September 2025<\/strong><\/h1><\/td><td class=\"column-3\"><p style=\"text-align: center;\"><img loading=\"lazy\" decoding=\"async\" src=\"http:\/\/test.verenajung.de\/wp-content\/uploads\/2024\/09\/25-.png\" alt=\"\" width=\"160\" height=\"60\" class=\"alignnone size-medium wp-image-3911\"\/><\/p><\/td><td class=\"column-4\"><\/td>\n<\/tr>\n<tr class=\"row-15\">\n\t<td class=\"column-1\"><\/td><td class=\"column-2\"><h1 style=\"vertical-align: middle;\"><strong>Oktober 2025<\/strong><\/h1><\/td><td class=\"column-3\"><p style=\"text-align: center;\"><img loading=\"lazy\" decoding=\"async\" src=\"http:\/\/test.verenajung.de\/wp-content\/uploads\/2024\/09\/25-.png\" alt=\"\" width=\"160\" height=\"60\" class=\"alignnone size-medium wp-image-3911\"\/><\/p><\/td><td class=\"column-4\"><\/td>\n<\/tr>\n<tr class=\"row-16\">\n\t<td class=\"column-1\"><\/td><td class=\"column-2\"><h1 style=\"vertical-align: middle;\"><strong>November 2025<\/strong><\/h1><\/td><td class=\"column-3\"><p style=\"text-align: center;\"><img loading=\"lazy\" decoding=\"async\" src=\"http:\/\/test.verenajung.de\/wp-content\/uploads\/2024\/09\/50-.png\" alt=\"\" width=\"160\" height=\"60\" class=\"alignnone size-medium wp-image-3911\"\/><\/p><\/td><td class=\"column-4\"><\/td>\n<\/tr>\n<tr class=\"row-17\">\n\t<td class=\"column-1\"><\/td><td class=\"column-2\"><h1 style=\"vertical-align: middle;\"><strong>Dezember 2025<\/strong><\/h1><\/td><td class=\"column-3\"><p style=\"text-align: center;\"><img loading=\"lazy\" decoding=\"async\" src=\"http:\/\/test.verenajung.de\/wp-content\/uploads\/2024\/09\/100-.png\" alt=\"\" width=\"160\" height=\"60\" class=\"alignnone size-medium wp-image-3911\"\/><\/p><\/td><td class=\"column-4\"><\/td>\n<\/tr>\n<\/tbody>\n<\/table>\n<!-- #tablepress-4 from cache --><\/p>\n","protected":false},"excerpt":{"rendered":"<p>Jeder plant gerne. Der Autor seinen Ver\u00f6ffentlichungstermin, die Braut den Hochzeitstag &#8211; und die Korrektoren ihre Auftr\u00e4ge. Die folgende \u00dcbersicht soll vereinfachen, ob eine Anfrage [&#8230;]<\/p>\n","protected":false},"author":1,"featured_media":0,"parent":0,"menu_order":0,"comment_status":"closed","ping_status":"closed","template":"","meta":{"footnotes":""},"class_list":["post-2485","page","type-page","status-publish","hentry"],"yoast_head":"<!-- This site is optimized with the Yoast SEO plugin v26.2 - https:\/\/yoast.com\/wordpress\/plugins\/seo\/ -->\n<title>Termin\u00fcbersicht - Verena Jung<\/title>\n<meta name=\"robots\" content=\"index, follow, max-snippet:-1, max-image-preview:large, max-video-preview:-1\" \/>\n<link rel=\"canonical\" href=\"https:\/\/test.verenajung.de\/startseite\/terminuebersicht\/\" \/>\n<meta property=\"og:locale\" content=\"de_DE\" \/>\n<meta property=\"og:type\" content=\"article\" \/>\n<meta property=\"og:title\" content=\"Termin\u00fcbersicht - Verena Jung\" \/>\n<meta property=\"og:description\" content=\"Jeder plant gerne. Der Autor seinen Ver\u00f6ffentlichungstermin, die Braut den Hochzeitstag &#8211; und die Korrektoren ihre Auftr\u00e4ge. Die folgende \u00dcbersicht soll vereinfachen, ob eine Anfrage [...]\" \/>\n<meta property=\"og:url\" content=\"https:\/\/test.verenajung.de\/startseite\/terminuebersicht\/\" \/>\n<meta property=\"og:site_name\" content=\"Verena Jung\" \/>\n<meta name=\"twitter:card\" content=\"summary_large_image\" \/>\n<script type=\"application\/ld+json\" class=\"yoast-schema-graph\">{\"@context\":\"https:\/\/schema.org\",\"@graph\":[{\"@type\":\"WebPage\",\"@id\":\"https:\/\/test.verenajung.de\/startseite\/terminuebersicht\/\",\"url\":\"https:\/\/test.verenajung.de\/startseite\/terminuebersicht\/\",\"name\":\"Termin\u00fcbersicht - Verena Jung\",\"isPartOf\":{\"@id\":\"https:\/\/test.verenajung.de\/startseite\/#website\"},\"datePublished\":\"2024-09-05T11:51:28+00:00\",\"breadcrumb\":{\"@id\":\"https:\/\/test.verenajung.de\/startseite\/terminuebersicht\/#breadcrumb\"},\"inLanguage\":\"de\",\"potentialAction\":[{\"@type\":\"ReadAction\",\"target\":[\"https:\/\/test.verenajung.de\/startseite\/terminuebersicht\/\"]}]},{\"@type\":\"BreadcrumbList\",\"@id\":\"https:\/\/test.verenajung.de\/startseite\/terminuebersicht\/#breadcrumb\",\"itemListElement\":[{\"@type\":\"ListItem\",\"position\":1,\"name\":\"Startseite\",\"item\":\"https:\/\/test.verenajung.de\/startseite\/\"},{\"@type\":\"ListItem\",\"position\":2,\"name\":\"Termin\u00fcbersicht\"}]},{\"@type\":\"WebSite\",\"@id\":\"https:\/\/test.verenajung.de\/startseite\/#website\",\"url\":\"https:\/\/test.verenajung.de\/startseite\/\",\"name\":\"Verena Jung\",\"description\":\"Schriftstellerin f\u00fcr Phantastik und Korrektorin\",\"publisher\":{\"@id\":\"https:\/\/test.verenajung.de\/startseite\/#\/schema\/person\/33fe27d71a8c1f61427644fd38d7b32d\"},\"potentialAction\":[{\"@type\":\"SearchAction\",\"target\":{\"@type\":\"EntryPoint\",\"urlTemplate\":\"https:\/\/test.verenajung.de\/startseite\/?s={search_term_string}\"},\"query-input\":{\"@type\":\"PropertyValueSpecification\",\"valueRequired\":true,\"valueName\":\"search_term_string\"}}],\"inLanguage\":\"de\"},{\"@type\":[\"Person\",\"Organization\"],\"@id\":\"https:\/\/test.verenajung.de\/startseite\/#\/schema\/person\/33fe27d71a8c1f61427644fd38d7b32d\",\"name\":\"Verena Jung\",\"image\":{\"@type\":\"ImageObject\",\"inLanguage\":\"de\",\"@id\":\"https:\/\/test.verenajung.de\/startseite\/#\/schema\/person\/image\/\",\"url\":\"https:\/\/test.verenajung.de\/wp-content\/uploads\/2022\/05\/Logo-Parisienne-Header.jpg\",\"contentUrl\":\"https:\/\/test.verenajung.de\/wp-content\/uploads\/2022\/05\/Logo-Parisienne-Header.jpg\",\"width\":2550,\"height\":600,\"caption\":\"Verena Jung\"},\"logo\":{\"@id\":\"https:\/\/test.verenajung.de\/startseite\/#\/schema\/person\/image\/\"}}]}<\/script>\n<!-- \/ Yoast SEO plugin. -->","yoast_head_json":{"title":"Termin\u00fcbersicht - Verena Jung","robots":{"index":"index","follow":"follow","max-snippet":"max-snippet:-1","max-image-preview":"max-image-preview:large","max-video-preview":"max-video-preview:-1"},"canonical":"https:\/\/test.verenajung.de\/startseite\/terminuebersicht\/","og_locale":"de_DE","og_type":"article","og_title":"Termin\u00fcbersicht - Verena Jung","og_description":"Jeder plant gerne. Der Autor seinen Ver\u00f6ffentlichungstermin, die Braut den Hochzeitstag &#8211; und die Korrektoren ihre Auftr\u00e4ge. Die folgende \u00dcbersicht soll vereinfachen, ob eine Anfrage [...]","og_url":"https:\/\/test.verenajung.de\/startseite\/terminuebersicht\/","og_site_name":"Verena Jung","twitter_card":"summary_large_image","schema":{"@context":"https:\/\/schema.org","@graph":[{"@type":"WebPage","@id":"https:\/\/test.verenajung.de\/startseite\/terminuebersicht\/","url":"https:\/\/test.verenajung.de\/startseite\/terminuebersicht\/","name":"Termin\u00fcbersicht - Verena Jung","isPartOf":{"@id":"https:\/\/test.verenajung.de\/startseite\/#website"},"datePublished":"2024-09-05T11:51:28+00:00","breadcrumb":{"@id":"https:\/\/test.verenajung.de\/startseite\/terminuebersicht\/#breadcrumb"},"inLanguage":"de","potentialAction":[{"@type":"ReadAction","target":["https:\/\/test.verenajung.de\/startseite\/terminuebersicht\/"]}]},{"@type":"BreadcrumbList","@id":"https:\/\/test.verenajung.de\/startseite\/terminuebersicht\/#breadcrumb","itemListElement":[{"@type":"ListItem","position":1,"name":"Startseite","item":"https:\/\/test.verenajung.de\/startseite\/"},{"@type":"ListItem","position":2,"name":"Termin\u00fcbersicht"}]},{"@type":"WebSite","@id":"https:\/\/test.verenajung.de\/startseite\/#website","url":"https:\/\/test.verenajung.de\/startseite\/","name":"Verena Jung","description":"Schriftstellerin f\u00fcr Phantastik und Korrektorin","publisher":{"@id":"https:\/\/test.verenajung.de\/startseite\/#\/schema\/person\/33fe27d71a8c1f61427644fd38d7b32d"},"potentialAction":[{"@type":"SearchAction","target":{"@type":"EntryPoint","urlTemplate":"https:\/\/test.verenajung.de\/startseite\/?s={search_term_string}"},"query-input":{"@type":"PropertyValueSpecification","valueRequired":true,"valueName":"search_term_string"}}],"inLanguage":"de"},{"@type":["Person","Organization"],"@id":"https:\/\/test.verenajung.de\/startseite\/#\/schema\/person\/33fe27d71a8c1f61427644fd38d7b32d","name":"Verena Jung","image":{"@type":"ImageObject","inLanguage":"de","@id":"https:\/\/test.verenajung.de\/startseite\/#\/schema\/person\/image\/","url":"https:\/\/test.verenajung.de\/wp-content\/uploads\/2022\/05\/Logo-Parisienne-Header.jpg","contentUrl":"https:\/\/test.verenajung.de\/wp-content\/uploads\/2022\/05\/Logo-Parisienne-Header.jpg","width":2550,"height":600,"caption":"Verena Jung"},"logo":{"@id":"https:\/\/test.verenajung.de\/startseite\/#\/schema\/person\/image\/"}}]}},"blog_post_layout_featured_media_urls":{"thumbnail":"","full":""},"categories_names":null,"comments_number":"0","wpmagazine_modules_lite_featured_media_urls":{"thumbnail":"","cvmm-medium":"","cvmm-medium-plus":"","cvmm-portrait":"","cvmm-medium-square":"","cvmm-large":"","cvmm-small":"","full":""},"_links":{"self":[{"href":"https:\/\/test.verenajung.de\/startseite\/wp-json\/wp\/v2\/pages\/2485","targetHints":{"allow":["GET"]}}],"collection":[{"href":"https:\/\/test.verenajung.de\/startseite\/wp-json\/wp\/v2\/pages"}],"about":[{"href":"https:\/\/test.verenajung.de\/startseite\/wp-json\/wp\/v2\/types\/page"}],"author":[{"embeddable":true,"href":"https:\/\/test.verenajung.de\/startseite\/wp-json\/wp\/v2\/users\/1"}],"replies":[{"embeddable":true,"href":"https:\/\/test.verenajung.de\/startseite\/wp-json\/wp\/v2\/comments?post=2485"}],"version-history":[{"count":1,"href":"https:\/\/test.verenajung.de\/startseite\/wp-json\/wp\/v2\/pages\/2485\/revisions"}],"predecessor-version":[{"id":2486,"href":"https:\/\/test.verenajung.de\/startseite\/wp-json\/wp\/v2\/pages\/2485\/revisions\/2486"}],"wp:attachment":[{"href":"https:\/\/test.verenajung.de\/startseite\/wp-json\/wp\/v2\/media?parent=2485"}],"curies":[{"name":"wp","href":"https:\/\/api.w.org\/{rel}","templated":true}]}}