{"id":484,"date":"2019-04-22T16:00:53","date_gmt":"2019-04-22T14:00:53","guid":{"rendered":"http:\/\/verenajung.de\/?page_id=484"},"modified":"2023-10-03T23:39:55","modified_gmt":"2023-10-03T21:39:55","slug":"ueber-mich-autorin","status":"publish","type":"page","link":"https:\/\/test.verenajung.de\/startseite\/ueber-mich-autorin\/","title":{"rendered":"\u00dcber mich"},"content":{"rendered":"<hr \/>\n<p style=\"text-align: justify;\">Hallo,<\/p>\n<p style=\"text-align: justify;\">ich bin Verena Jung und am 05. M\u00e4rz 1985 geboren. Ich wohne im beschaulichen<img loading=\"lazy\" decoding=\"async\" class=\"size-medium wp-image-852 alignright\" src=\"http:\/\/verenajung.de\/wp-content\/uploads\/2020\/02\/2020-02-17-kleiner-217x300.jpg\" alt=\"\" width=\"217\" height=\"300\" srcset=\"https:\/\/test.verenajung.de\/wp-content\/uploads\/2020\/02\/2020-02-17-kleiner-217x300.jpg 217w, https:\/\/test.verenajung.de\/wp-content\/uploads\/2020\/02\/2020-02-17-kleiner-739x1024.jpg 739w, https:\/\/test.verenajung.de\/wp-content\/uploads\/2020\/02\/2020-02-17-kleiner-768x1064.jpg 768w, https:\/\/test.verenajung.de\/wp-content\/uploads\/2020\/02\/2020-02-17-kleiner.jpg 1004w\" sizes=\"auto, (max-width: 217px) 100vw, 217px\" \/> Saarland in einem ruhigen Nest, fernab grauer Wolkenkratzer und tiefer Stra\u00dfenschluchten, die nur f\u00fcr ein kleines St\u00fcckchen Blau Platz lassen, wenn ich den Kopf in den Nacken lege. Die Luft ist ok und erf\u00fcllt von Vogelgesang. Diese Ruhe wird nur von meinem Autorenkater Ghizmo und meiner Schreibmotivationskatze Gimmsy unterbrochen, wenn sie lautstark nach Aufmerksamkeit verlangen. Neben ihnen leben hier noch eine Hamsterdame und zwei Chinchillas und &#8211; ganz wichtig &#8211; mein Mann\/Chauffeur\/Finanzminister\/Manager\/IT-Spezialist. Ich bin gelernte Kauffrau f\u00fcr B\u00fcrokommunikation, arbeite mittlerweile allerdings vollzeit als Autorin und Korrektorin. Ich hoffe, dass sich daran auch nie wieder etwas \u00e4ndern wird, denn bei diesen T\u00e4tigkeiten geht mir wirklich das Herz auf. Wenn ich gerade nicht arbeite, finde ich vielleicht noch etwas Zeit zum H\u00e4keln, Stricken oder Malen. Meistens verfliegt diese freie Zeit aber doch beim Lesen. Ich verschlinge B\u00fccher geradezu, was auch ein Grund ist, weshalb ich so gerne mit geschriebenen Worten arbeite.<\/p>\n<p style=\"text-align: justify;\">Zum Schreiben bin ich \u00fcber Umwege gelangt. Ich kann mich noch erinnern, dass ich in meiner Grundschulzeit ein winziges Schreibb\u00fcchlein hatte, das heute in meine geschlossene Hand passen w\u00fcrde. Darin schrieb ich zun\u00e4chst eine Nacherz\u00e4hlung und eine erste, unbeendete Geschichte. Wenn ich damals erz\u00e4hlte, dass ich Schriftstellerin werden will, sch\u00fcttelten meine Eltern nachsichtig lachend den Kopf und meinten, ich h\u00e4tte noch viel Zeit, mich zu entscheiden. Ich war wirklich noch jung und gab das Schreiben nach einer Woche auf. Es gab ja f\u00fcr ein Kind auch so vieles zu tun. Mit zw\u00f6lf oder dreizehn begann ich zwei &#8222;Romane&#8220; in relativ kurzer Zeit, die ich ebenfalls nicht beendete. Wieder sch\u00fcttelten meine Eltern den Kopf und sagten, ich h\u00e4tte noch Zeit, mich zu entscheiden. Mit sechzehn &#8211; ich hatte gerade &#8222;Harry Potter und der Stein der Weisen&#8220; gelesen &#8211; wollte ich es wirklich wissen. Ich fing erneut einen Roman an, diesmal Fantasy. Ich lernte gerade auf der H\u00f6heren Handelsschule das Tastschreiben und war optimistisch, bald schneller an meiner Geschichte schreiben zu k\u00f6nnen, wenn ich es erst beherrschte. Das wurde mein umfangreichster &#8222;Fehlversuch&#8220; mit 115 DIN A5-Seiten. Dieses Mal erkl\u00e4rten mir meine Eltern eindringlich, dass man von der Schriftstellerei nicht leben kann und ich einen anst\u00e4ndigen Beruf lernen soll. Es tat weh, aber ich war daran gew\u00f6hnt, zu gehorchen. Es ist nicht so, dass ich meine Ausbildung zur Kauffrau f\u00fcr B\u00fcrokommunikation bereue. Ich habe dabei vieles gelernt, das ich bei meinem schriftstellerischen Schaffen &#8211; jetzt, da ich den Mut gefunden habe, zu tun, was ich schon so lange tun will &#8211; und bei meinem im Juni 2022 gegr\u00fcndeten Korrektorat <em>Federstreich<\/em> gebrauchen kann. Und jeden Tag beweise ich mir selbst, dass es die richtige Entscheidung war.<\/p>\n<p style=\"text-align: justify;\">Aus diesem Grund kannst du hier meinen Weg nachverfolgen. Ich freue mich \u00fcber jeden Begleiter.<\/p>\n","protected":false},"excerpt":{"rendered":"<p>Hallo, ich bin Verena Jung und am 05. M\u00e4rz 1985 geboren. Ich wohne im beschaulichen Saarland in einem ruhigen Nest, fernab grauer Wolkenkratzer und tiefer [&#8230;]<\/p>\n","protected":false},"author":1,"featured_media":0,"parent":0,"menu_order":0,"comment_status":"closed","ping_status":"closed","template":"","meta":{"footnotes":""},"class_list":["post-484","page","type-page","status-publish","hentry"],"yoast_head":"<!-- This site is optimized with the Yoast SEO plugin v26.2 - https:\/\/yoast.com\/wordpress\/plugins\/seo\/ -->\n<title>\u00dcber mich - Verena Jung<\/title>\n<meta name=\"robots\" content=\"index, follow, max-snippet:-1, max-image-preview:large, max-video-preview:-1\" \/>\n<link rel=\"canonical\" href=\"https:\/\/test.verenajung.de\/startseite\/ueber-mich-autorin\/\" \/>\n<meta property=\"og:locale\" content=\"de_DE\" \/>\n<meta property=\"og:type\" content=\"article\" \/>\n<meta property=\"og:title\" content=\"\u00dcber mich - Verena Jung\" \/>\n<meta property=\"og:description\" content=\"Hallo, ich bin Verena Jung und am 05. M\u00e4rz 1985 geboren. Ich wohne im beschaulichen Saarland in einem ruhigen Nest, fernab grauer Wolkenkratzer und tiefer [...]\" \/>\n<meta property=\"og:url\" content=\"https:\/\/test.verenajung.de\/startseite\/ueber-mich-autorin\/\" \/>\n<meta property=\"og:site_name\" content=\"Verena Jung\" \/>\n<meta property=\"article:modified_time\" content=\"2023-10-03T21:39:55+00:00\" \/>\n<meta property=\"og:image\" content=\"http:\/\/verenajung.de\/wp-content\/uploads\/2020\/02\/2020-02-17-kleiner-217x300.jpg\" \/>\n<meta name=\"twitter:card\" content=\"summary_large_image\" \/>\n<meta name=\"twitter:label1\" content=\"Gesch\u00e4tzte Lesezeit\" \/>\n\t<meta name=\"twitter:data1\" content=\"3\u00a0Minuten\" \/>\n<script type=\"application\/ld+json\" class=\"yoast-schema-graph\">{\"@context\":\"https:\/\/schema.org\",\"@graph\":[{\"@type\":\"WebPage\",\"@id\":\"https:\/\/test.verenajung.de\/startseite\/ueber-mich-autorin\/\",\"url\":\"https:\/\/test.verenajung.de\/startseite\/ueber-mich-autorin\/\",\"name\":\"\u00dcber mich - Verena Jung\",\"isPartOf\":{\"@id\":\"https:\/\/test.verenajung.de\/startseite\/#website\"},\"primaryImageOfPage\":{\"@id\":\"https:\/\/test.verenajung.de\/startseite\/ueber-mich-autorin\/#primaryimage\"},\"image\":{\"@id\":\"https:\/\/test.verenajung.de\/startseite\/ueber-mich-autorin\/#primaryimage\"},\"thumbnailUrl\":\"http:\/\/verenajung.de\/wp-content\/uploads\/2020\/02\/2020-02-17-kleiner-217x300.jpg\",\"datePublished\":\"2019-04-22T14:00:53+00:00\",\"dateModified\":\"2023-10-03T21:39:55+00:00\",\"breadcrumb\":{\"@id\":\"https:\/\/test.verenajung.de\/startseite\/ueber-mich-autorin\/#breadcrumb\"},\"inLanguage\":\"de\",\"potentialAction\":[{\"@type\":\"ReadAction\",\"target\":[\"https:\/\/test.verenajung.de\/startseite\/ueber-mich-autorin\/\"]}]},{\"@type\":\"ImageObject\",\"inLanguage\":\"de\",\"@id\":\"https:\/\/test.verenajung.de\/startseite\/ueber-mich-autorin\/#primaryimage\",\"url\":\"http:\/\/verenajung.de\/wp-content\/uploads\/2020\/02\/2020-02-17-kleiner-217x300.jpg\",\"contentUrl\":\"http:\/\/verenajung.de\/wp-content\/uploads\/2020\/02\/2020-02-17-kleiner-217x300.jpg\"},{\"@type\":\"BreadcrumbList\",\"@id\":\"https:\/\/test.verenajung.de\/startseite\/ueber-mich-autorin\/#breadcrumb\",\"itemListElement\":[{\"@type\":\"ListItem\",\"position\":1,\"name\":\"Startseite\",\"item\":\"https:\/\/test.verenajung.de\/startseite\/\"},{\"@type\":\"ListItem\",\"position\":2,\"name\":\"\u00dcber mich\"}]},{\"@type\":\"WebSite\",\"@id\":\"https:\/\/test.verenajung.de\/startseite\/#website\",\"url\":\"https:\/\/test.verenajung.de\/startseite\/\",\"name\":\"Verena Jung\",\"description\":\"Schriftstellerin f\u00fcr Phantastik und Korrektorin\",\"publisher\":{\"@id\":\"https:\/\/test.verenajung.de\/startseite\/#\/schema\/person\/33fe27d71a8c1f61427644fd38d7b32d\"},\"potentialAction\":[{\"@type\":\"SearchAction\",\"target\":{\"@type\":\"EntryPoint\",\"urlTemplate\":\"https:\/\/test.verenajung.de\/startseite\/?s={search_term_string}\"},\"query-input\":{\"@type\":\"PropertyValueSpecification\",\"valueRequired\":true,\"valueName\":\"search_term_string\"}}],\"inLanguage\":\"de\"},{\"@type\":[\"Person\",\"Organization\"],\"@id\":\"https:\/\/test.verenajung.de\/startseite\/#\/schema\/person\/33fe27d71a8c1f61427644fd38d7b32d\",\"name\":\"Verena Jung\",\"image\":{\"@type\":\"ImageObject\",\"inLanguage\":\"de\",\"@id\":\"https:\/\/test.verenajung.de\/startseite\/#\/schema\/person\/image\/\",\"url\":\"https:\/\/test.verenajung.de\/wp-content\/uploads\/2022\/05\/Logo-Parisienne-Header.jpg\",\"contentUrl\":\"https:\/\/test.verenajung.de\/wp-content\/uploads\/2022\/05\/Logo-Parisienne-Header.jpg\",\"width\":2550,\"height\":600,\"caption\":\"Verena Jung\"},\"logo\":{\"@id\":\"https:\/\/test.verenajung.de\/startseite\/#\/schema\/person\/image\/\"}}]}<\/script>\n<!-- \/ Yoast SEO plugin. -->","yoast_head_json":{"title":"\u00dcber mich - Verena Jung","robots":{"index":"index","follow":"follow","max-snippet":"max-snippet:-1","max-image-preview":"max-image-preview:large","max-video-preview":"max-video-preview:-1"},"canonical":"https:\/\/test.verenajung.de\/startseite\/ueber-mich-autorin\/","og_locale":"de_DE","og_type":"article","og_title":"\u00dcber mich - Verena Jung","og_description":"Hallo, ich bin Verena Jung und am 05. M\u00e4rz 1985 geboren. Ich wohne im beschaulichen Saarland in einem ruhigen Nest, fernab grauer Wolkenkratzer und tiefer [...]","og_url":"https:\/\/test.verenajung.de\/startseite\/ueber-mich-autorin\/","og_site_name":"Verena Jung","article_modified_time":"2023-10-03T21:39:55+00:00","og_image":[{"url":"http:\/\/verenajung.de\/wp-content\/uploads\/2020\/02\/2020-02-17-kleiner-217x300.jpg","type":"","width":"","height":""}],"twitter_card":"summary_large_image","twitter_misc":{"Gesch\u00e4tzte Lesezeit":"3\u00a0Minuten"},"schema":{"@context":"https:\/\/schema.org","@graph":[{"@type":"WebPage","@id":"https:\/\/test.verenajung.de\/startseite\/ueber-mich-autorin\/","url":"https:\/\/test.verenajung.de\/startseite\/ueber-mich-autorin\/","name":"\u00dcber mich - Verena Jung","isPartOf":{"@id":"https:\/\/test.verenajung.de\/startseite\/#website"},"primaryImageOfPage":{"@id":"https:\/\/test.verenajung.de\/startseite\/ueber-mich-autorin\/#primaryimage"},"image":{"@id":"https:\/\/test.verenajung.de\/startseite\/ueber-mich-autorin\/#primaryimage"},"thumbnailUrl":"http:\/\/verenajung.de\/wp-content\/uploads\/2020\/02\/2020-02-17-kleiner-217x300.jpg","datePublished":"2019-04-22T14:00:53+00:00","dateModified":"2023-10-03T21:39:55+00:00","breadcrumb":{"@id":"https:\/\/test.verenajung.de\/startseite\/ueber-mich-autorin\/#breadcrumb"},"inLanguage":"de","potentialAction":[{"@type":"ReadAction","target":["https:\/\/test.verenajung.de\/startseite\/ueber-mich-autorin\/"]}]},{"@type":"ImageObject","inLanguage":"de","@id":"https:\/\/test.verenajung.de\/startseite\/ueber-mich-autorin\/#primaryimage","url":"http:\/\/verenajung.de\/wp-content\/uploads\/2020\/02\/2020-02-17-kleiner-217x300.jpg","contentUrl":"http:\/\/verenajung.de\/wp-content\/uploads\/2020\/02\/2020-02-17-kleiner-217x300.jpg"},{"@type":"BreadcrumbList","@id":"https:\/\/test.verenajung.de\/startseite\/ueber-mich-autorin\/#breadcrumb","itemListElement":[{"@type":"ListItem","position":1,"name":"Startseite","item":"https:\/\/test.verenajung.de\/startseite\/"},{"@type":"ListItem","position":2,"name":"\u00dcber mich"}]},{"@type":"WebSite","@id":"https:\/\/test.verenajung.de\/startseite\/#website","url":"https:\/\/test.verenajung.de\/startseite\/","name":"Verena Jung","description":"Schriftstellerin f\u00fcr Phantastik und Korrektorin","publisher":{"@id":"https:\/\/test.verenajung.de\/startseite\/#\/schema\/person\/33fe27d71a8c1f61427644fd38d7b32d"},"potentialAction":[{"@type":"SearchAction","target":{"@type":"EntryPoint","urlTemplate":"https:\/\/test.verenajung.de\/startseite\/?s={search_term_string}"},"query-input":{"@type":"PropertyValueSpecification","valueRequired":true,"valueName":"search_term_string"}}],"inLanguage":"de"},{"@type":["Person","Organization"],"@id":"https:\/\/test.verenajung.de\/startseite\/#\/schema\/person\/33fe27d71a8c1f61427644fd38d7b32d","name":"Verena Jung","image":{"@type":"ImageObject","inLanguage":"de","@id":"https:\/\/test.verenajung.de\/startseite\/#\/schema\/person\/image\/","url":"https:\/\/test.verenajung.de\/wp-content\/uploads\/2022\/05\/Logo-Parisienne-Header.jpg","contentUrl":"https:\/\/test.verenajung.de\/wp-content\/uploads\/2022\/05\/Logo-Parisienne-Header.jpg","width":2550,"height":600,"caption":"Verena Jung"},"logo":{"@id":"https:\/\/test.verenajung.de\/startseite\/#\/schema\/person\/image\/"}}]}},"blog_post_layout_featured_media_urls":{"thumbnail":"","full":""},"categories_names":null,"comments_number":"0","wpmagazine_modules_lite_featured_media_urls":{"thumbnail":"","cvmm-medium":"","cvmm-medium-plus":"","cvmm-portrait":"","cvmm-medium-square":"","cvmm-large":"","cvmm-small":"","full":""},"_links":{"self":[{"href":"https:\/\/test.verenajung.de\/startseite\/wp-json\/wp\/v2\/pages\/484","targetHints":{"allow":["GET"]}}],"collection":[{"href":"https:\/\/test.verenajung.de\/startseite\/wp-json\/wp\/v2\/pages"}],"about":[{"href":"https:\/\/test.verenajung.de\/startseite\/wp-json\/wp\/v2\/types\/page"}],"author":[{"embeddable":true,"href":"https:\/\/test.verenajung.de\/startseite\/wp-json\/wp\/v2\/users\/1"}],"replies":[{"embeddable":true,"href":"https:\/\/test.verenajung.de\/startseite\/wp-json\/wp\/v2\/comments?post=484"}],"version-history":[{"count":8,"href":"https:\/\/test.verenajung.de\/startseite\/wp-json\/wp\/v2\/pages\/484\/revisions"}],"predecessor-version":[{"id":2438,"href":"https:\/\/test.verenajung.de\/startseite\/wp-json\/wp\/v2\/pages\/484\/revisions\/2438"}],"wp:attachment":[{"href":"https:\/\/test.verenajung.de\/startseite\/wp-json\/wp\/v2\/media?parent=484"}],"curies":[{"name":"wp","href":"https:\/\/api.w.org\/{rel}","templated":true}]}}